{"id":106,"date":"2026-01-26T17:09:26","date_gmt":"2026-01-26T17:09:26","guid":{"rendered":"https:\/\/lak.im-nomade.com\/?page_id=106"},"modified":"2026-02-26T16:55:22","modified_gmt":"2026-02-26T16:55:22","slug":"elementaire","status":"publish","type":"page","link":"https:\/\/lak.edu.lb\/en\/parcours-pedagogique\/elementaire\/","title":{"rendered":"Elementary"},"content":{"rendered":"<div data-elementor-type=\"wp-page\" data-elementor-id=\"106\" class=\"elementor elementor-106\" data-elementor-post-type=\"page\">\n\t\t\t\t<div class=\"elementor-element elementor-element-a233f80 e-flex e-con-boxed e-con e-parent\" data-id=\"a233f80\" data-element_type=\"container\" data-e-type=\"container\">\n\t\t\t\t\t<div class=\"e-con-inner\">\n\t\t\t\t<div class=\"elementor-element elementor-element-eda9c0e elementor-widget elementor-widget-heading\" data-id=\"eda9c0e\" data-element_type=\"widget\" data-e-type=\"widget\" data-widget_type=\"heading.default\">\n\t\t\t\t\t<h2 class=\"elementor-heading-title elementor-size-default\">Une p\u00e9dagogie active et structurante\n\n\n\n<\/h2>\t\t\t\t<\/div>\n\t\t\t\t<div class=\"elementor-element elementor-element-65ae638 elementor-widget elementor-widget-text-editor\" data-id=\"65ae638\" data-element_type=\"widget\" data-e-type=\"widget\" data-widget_type=\"text-editor.default\">\n\t\t\t\t\t\t\t\t\t<p>\u00c0 l&rsquo;\u00e9l\u00e9mentaire, les \u00e9l\u00e8ves ne font pas qu&rsquo;apprendre des le\u00e7ons. Ils d\u00e9veloppent de nouvelles comp\u00e9tences intellectuelles et sociales :<\/p><ul><li aria-level=\"1\"><b>R\u00e9flexion et Raisonnement :<\/b> Les \u00e9l\u00e8ves acc\u00e8dent \u00e0 une pens\u00e9e plus abstraite et apprennent \u00e0 raisonner pour accomplir des t\u00e2ches complexes.<\/li><li aria-level=\"1\"><b>Responsabilit\u00e9 et Coop\u00e9ration :<\/b> Nous invitons les enfants \u00e0 agir de mani\u00e8re responsable et \u00e0 coop\u00e9rer \u00e0 travers la r\u00e9alisation de projets concrets.<\/li><li aria-level=\"1\"><b>Comp\u00e9tences Cl\u00e9s :<\/b> Ils apprennent \u00e0 r\u00e9aliser les activit\u00e9s scolaires fondamentales : r\u00e9soudre un probl\u00e8me, lire et comprendre un document, r\u00e9diger un texte ou concevoir un objet.<\/li><\/ul>\t\t\t\t\t\t\t\t<\/div>\n\t\t\t\t\t<\/div>\n\t\t\t\t<\/div>\n\t\t<div class=\"elementor-element elementor-element-481f779 e-flex e-con-boxed e-con e-parent\" data-id=\"481f779\" data-element_type=\"container\" data-e-type=\"container\">\n\t\t\t\t\t<div class=\"e-con-inner\">\n\t\t\t\t<div class=\"elementor-element elementor-element-c44c4f9 elementor-widget elementor-widget-heading\" data-id=\"c44c4f9\" data-element_type=\"widget\" data-e-type=\"widget\" data-widget_type=\"heading.default\">\n\t\t\t\t\t<h2 class=\"elementor-heading-title elementor-size-default\">Le Cycle 2 (CP, CE1, CE2) : Les apprentissages fondamentaux\n\n<\/h2>\t\t\t\t<\/div>\n\t\t\t\t<div class=\"elementor-element elementor-element-aa9b1ca elementor-widget elementor-widget-text-editor\" data-id=\"aa9b1ca\" data-element_type=\"widget\" data-e-type=\"widget\" data-widget_type=\"text-editor.default\">\n\t\t\t\t\t\t\t\t\t<p>Ce cycle est consacr\u00e9 \u00e0 la construction des savoirs essentiels. Les \u00e9l\u00e8ves prennent le temps d&rsquo;apprendre de mani\u00e8re progressive.<\/p><ul><li aria-level=\"1\"><b>Le fran\u00e7ais au coeur des apprentissages :<\/b> La langue fran\u00e7aise est l&rsquo;objet d&rsquo;apprentissage central.<\/li><li aria-level=\"1\"><b>Sens et Automatisme :<\/b> L&rsquo;\u00e9l\u00e8ve construit le sens des mots et automatise sa lecture simultan\u00e9ment.<\/li><li aria-level=\"1\"><b>D\u00e9couverte :<\/b> Tous les enseignements permettent d&rsquo;interroger et de comprendre le monde.<\/li><\/ul>\t\t\t\t\t\t\t\t<\/div>\n\t\t<div class=\"elementor-element elementor-element-4092b36 e-con-full e-flex e-con e-child\" data-id=\"4092b36\" data-element_type=\"container\" data-e-type=\"container\" data-settings=\"{&quot;background_background&quot;:&quot;classic&quot;}\">\n\t\t\t\t<div class=\"elementor-element elementor-element-eaa3c0d elementor-widget elementor-widget-spacer\" data-id=\"eaa3c0d\" data-element_type=\"widget\" data-e-type=\"widget\" data-widget_type=\"spacer.default\">\n\t\t\t\t\t\t\t<div class=\"elementor-spacer\">\n\t\t\t<div class=\"elementor-spacer-inner\"><\/div>\n\t\t<\/div>\n\t\t\t\t\t\t<\/div>\n\t\t\t\t<\/div>\n\t\t\t\t\t<\/div>\n\t\t\t\t<\/div>\n\t\t<div class=\"elementor-element elementor-element-b54c661 e-flex e-con-boxed e-con e-parent\" data-id=\"b54c661\" data-element_type=\"container\" data-e-type=\"container\">\n\t\t\t\t\t<div class=\"e-con-inner\">\n\t\t\t\t<div class=\"elementor-element elementor-element-f8ff791 elementor-widget elementor-widget-heading\" data-id=\"f8ff791\" data-element_type=\"widget\" data-e-type=\"widget\" data-widget_type=\"heading.default\">\n\t\t\t\t\t<h2 class=\"elementor-heading-title elementor-size-default\">Le Cycle 3 (CM1, CM2) : La consolidation\n\n\n\n<\/h2>\t\t\t\t<\/div>\n\t\t\t\t<div class=\"elementor-element elementor-element-318e30f elementor-widget elementor-widget-text-editor\" data-id=\"318e30f\" data-element_type=\"widget\" data-e-type=\"widget\" data-widget_type=\"text-editor.default\">\n\t\t\t\t\t\t\t\t\t<p>Ce cycle a une double responsabilit\u00e9 : consolider les acquis et pr\u00e9parer l&rsquo;avenir.<\/p><ul><li aria-level=\"1\"><b>Continuit\u00e9 :<\/b> Nous assurons une transition fluide entre l&rsquo;\u00e9cole primaire et le coll\u00e8ge.<\/li><li aria-level=\"1\"><b>Approfondissement :<\/b> Nous consolidons les bases engag\u00e9es au cycle 2 pour garantir la r\u00e9ussite des apprentissages ult\u00e9rieurs.<\/li><\/ul>\t\t\t\t\t\t\t\t<\/div>\n\t\t\t\t<div class=\"elementor-element elementor-element-8697397 elementor-widget elementor-widget-heading\" data-id=\"8697397\" data-element_type=\"widget\" data-e-type=\"widget\" data-widget_type=\"heading.default\">\n\t\t\t\t\t<h2 class=\"elementor-heading-title elementor-size-default\">Le Cycle 3 (CM1, CM2) : La consolidation\n\n\n\n<\/h2>\t\t\t\t<\/div>\n\t\t\t\t\t<\/div>\n\t\t\t\t<\/div>\n\t\t<div class=\"elementor-element elementor-element-13a962c e-flex e-con-boxed e-con e-parent\" data-id=\"13a962c\" data-element_type=\"container\" data-e-type=\"container\">\n\t\t\t\t\t<div class=\"e-con-inner\">\n\t\t<div class=\"elementor-element elementor-element-1a136cb e-con-full e-flex e-con e-child\" data-id=\"1a136cb\" data-element_type=\"container\" data-e-type=\"container\">\n\t\t\t\t<div class=\"elementor-element elementor-element-c4716a1 elementor-widget elementor-widget-image\" data-id=\"c4716a1\" data-element_type=\"widget\" data-e-type=\"widget\" data-widget_type=\"image.default\">\n\t\t\t\t\t\t\t\t\t\t\t\t\t\t\t<img fetchpriority=\"high\" decoding=\"async\" width=\"256\" height=\"256\" src=\"https:\/\/lak.edu.lb\/wp-content\/uploads\/2026\/02\/globe.png\" class=\"attachment-large size-large wp-image-290\" alt=\"\" srcset=\"https:\/\/lak.edu.lb\/wp-content\/uploads\/2026\/02\/globe.png 256w, https:\/\/lak.edu.lb\/wp-content\/uploads\/2026\/02\/globe-150x150.png 150w, https:\/\/lak.edu.lb\/wp-content\/uploads\/2026\/02\/globe-12x12.png 12w\" sizes=\"(max-width: 256px) 100vw, 256px\" \/>\t\t\t\t\t\t\t\t\t\t\t\t\t\t\t<\/div>\n\t\t\t\t<div class=\"elementor-element elementor-element-e7619f3 elementor-widget elementor-widget-heading\" data-id=\"e7619f3\" data-element_type=\"widget\" data-e-type=\"widget\" data-widget_type=\"heading.default\">\n\t\t\t\t\t<h3 class=\"elementor-heading-title elementor-size-default\">Languages \n<\/h3>\t\t\t\t<\/div>\n\t\t\t\t<div class=\"elementor-element elementor-element-3293d37 elementor-widget elementor-widget-text-editor\" data-id=\"3293d37\" data-element_type=\"widget\" data-e-type=\"widget\" data-widget_type=\"text-editor.default\">\n\t\t\t\t\t\t\t\t\t<p>Fran\u00e7ais, Anglais et Arabe (renforc\u00e9 par la g\u00e9ographie en arabe).<\/p>\t\t\t\t\t\t\t\t<\/div>\n\t\t\t\t<\/div>\n\t\t<div class=\"elementor-element elementor-element-ec084c3 e-con-full e-flex e-con e-child\" data-id=\"ec084c3\" data-element_type=\"container\" data-e-type=\"container\">\n\t\t\t\t<div class=\"elementor-element elementor-element-ef41675 elementor-widget elementor-widget-image\" data-id=\"ef41675\" data-element_type=\"widget\" data-e-type=\"widget\" data-widget_type=\"image.default\">\n\t\t\t\t\t\t\t\t\t\t\t\t\t\t\t<img decoding=\"async\" width=\"256\" height=\"256\" src=\"https:\/\/lak.edu.lb\/wp-content\/uploads\/2026\/02\/international.png\" class=\"attachment-large size-large wp-image-295\" alt=\"\" srcset=\"https:\/\/lak.edu.lb\/wp-content\/uploads\/2026\/02\/international.png 256w, https:\/\/lak.edu.lb\/wp-content\/uploads\/2026\/02\/international-150x150.png 150w, https:\/\/lak.edu.lb\/wp-content\/uploads\/2026\/02\/international-12x12.png 12w\" sizes=\"(max-width: 256px) 100vw, 256px\" \/>\t\t\t\t\t\t\t\t\t\t\t\t\t\t\t<\/div>\n\t\t\t\t<div class=\"elementor-element elementor-element-77039c2 elementor-widget elementor-widget-heading\" data-id=\"77039c2\" data-element_type=\"widget\" data-e-type=\"widget\" data-widget_type=\"heading.default\">\n\t\t\t\t\t<h3 class=\"elementor-heading-title elementor-size-default\">Science &amp; Monde\n\n<\/h3>\t\t\t\t<\/div>\n\t\t\t\t<div class=\"elementor-element elementor-element-6c0fab4 elementor-widget elementor-widget-text-editor\" data-id=\"6c0fab4\" data-element_type=\"widget\" data-e-type=\"widget\" data-widget_type=\"text-editor.default\">\n\t\t\t\t\t\t\t\t\t<p>Questionner le monde, Sciences et technologie, Histoire et G\u00e9ographie.<\/p>\t\t\t\t\t\t\t\t<\/div>\n\t\t\t\t<\/div>\n\t\t\t\t\t<\/div>\n\t\t\t\t<\/div>\n\t\t<div class=\"elementor-element elementor-element-fd9d964 e-flex e-con-boxed e-con e-parent\" data-id=\"fd9d964\" data-element_type=\"container\" data-e-type=\"container\">\n\t\t\t\t\t<div class=\"e-con-inner\">\n\t\t<div class=\"elementor-element elementor-element-a3ae3ee e-con-full e-flex e-con e-child\" data-id=\"a3ae3ee\" data-element_type=\"container\" data-e-type=\"container\">\n\t\t\t\t<div class=\"elementor-element elementor-element-6498788 elementor-widget elementor-widget-image\" data-id=\"6498788\" data-element_type=\"widget\" data-e-type=\"widget\" data-widget_type=\"image.default\">\n\t\t\t\t\t\t\t\t\t\t\t\t\t\t\t<img decoding=\"async\" width=\"256\" height=\"256\" src=\"https:\/\/lak.edu.lb\/wp-content\/uploads\/2026\/02\/trumpet.png\" class=\"attachment-large size-large wp-image-291\" alt=\"\" srcset=\"https:\/\/lak.edu.lb\/wp-content\/uploads\/2026\/02\/trumpet.png 256w, https:\/\/lak.edu.lb\/wp-content\/uploads\/2026\/02\/trumpet-150x150.png 150w, https:\/\/lak.edu.lb\/wp-content\/uploads\/2026\/02\/trumpet-12x12.png 12w\" sizes=\"(max-width: 256px) 100vw, 256px\" \/>\t\t\t\t\t\t\t\t\t\t\t\t\t\t\t<\/div>\n\t\t\t\t<div class=\"elementor-element elementor-element-3687e4b elementor-widget elementor-widget-heading\" data-id=\"3687e4b\" data-element_type=\"widget\" data-e-type=\"widget\" data-widget_type=\"heading.default\">\n\t\t\t\t\t<h3 class=\"elementor-heading-title elementor-size-default\">Arts &amp; Sports\n\n<\/h3>\t\t\t\t<\/div>\n\t\t\t\t<div class=\"elementor-element elementor-element-1241b71 elementor-widget elementor-widget-text-editor\" data-id=\"1241b71\" data-element_type=\"widget\" data-e-type=\"widget\" data-widget_type=\"text-editor.default\">\n\t\t\t\t\t\t\t\t\t<p>Arts plastiques, \u00c9ducation musicale, \u00c9ducation physique et sportive.<\/p>\t\t\t\t\t\t\t\t<\/div>\n\t\t\t\t<\/div>\n\t\t<div class=\"elementor-element elementor-element-7a0c21d e-con-full e-flex e-con e-child\" data-id=\"7a0c21d\" data-element_type=\"container\" data-e-type=\"container\">\n\t\t\t\t<div class=\"elementor-element elementor-element-eef8b21 elementor-widget elementor-widget-image\" data-id=\"eef8b21\" data-element_type=\"widget\" data-e-type=\"widget\" data-widget_type=\"image.default\">\n\t\t\t\t\t\t\t\t\t\t\t\t\t\t\t<img loading=\"lazy\" decoding=\"async\" width=\"256\" height=\"256\" src=\"https:\/\/lak.edu.lb\/wp-content\/uploads\/2026\/02\/atom.png\" class=\"attachment-large size-large wp-image-292\" alt=\"\" srcset=\"https:\/\/lak.edu.lb\/wp-content\/uploads\/2026\/02\/atom.png 256w, https:\/\/lak.edu.lb\/wp-content\/uploads\/2026\/02\/atom-150x150.png 150w, https:\/\/lak.edu.lb\/wp-content\/uploads\/2026\/02\/atom-12x12.png 12w\" sizes=\"(max-width: 256px) 100vw, 256px\" \/>\t\t\t\t\t\t\t\t\t\t\t\t\t\t\t<\/div>\n\t\t\t\t<div class=\"elementor-element elementor-element-712012a elementor-widget elementor-widget-heading\" data-id=\"712012a\" data-element_type=\"widget\" data-e-type=\"widget\" data-widget_type=\"heading.default\">\n\t\t\t\t\t<h3 class=\"elementor-heading-title elementor-size-default\">D\u00e9veloppement\n\n<\/h3>\t\t\t\t<\/div>\n\t\t\t\t<div class=\"elementor-element elementor-element-98bc7a2 elementor-widget elementor-widget-text-editor\" data-id=\"98bc7a2\" data-element_type=\"widget\" data-e-type=\"widget\" data-widget_type=\"text-editor.default\">\n\t\t\t\t\t\t\t\t\t<p>Math\u00e9matiques, Enseignement moral et civique.<\/p>\t\t\t\t\t\t\t\t<\/div>\n\t\t\t\t<\/div>\n\t\t\t\t\t<\/div>\n\t\t\t\t<\/div>\n\t\t\t\t<\/div>","protected":false},"excerpt":{"rendered":"<p>Une p\u00e9dagogie active et structurante \u00c0 l&rsquo;\u00e9l\u00e9mentaire, les \u00e9l\u00e8ves ne font pas qu&rsquo;apprendre des le\u00e7ons. Ils d\u00e9veloppent de nouvelles comp\u00e9tences intellectuelles et sociales : R\u00e9flexion et Raisonnement : Les \u00e9l\u00e8ves acc\u00e8dent \u00e0 une pens\u00e9e plus abstraite et apprennent \u00e0 raisonner pour accomplir des t\u00e2ches complexes. Responsabilit\u00e9 et Coop\u00e9ration : Nous invitons les enfants \u00e0 agir [&hellip;]<\/p>\n","protected":false},"author":1,"featured_media":527,"parent":101,"menu_order":0,"comment_status":"closed","ping_status":"closed","template":"","meta":{"_acf_changed":false,"footnotes":""},"class_list":["post-106","page","type-page","status-publish","has-post-thumbnail","hentry"],"acf":[],"_links":{"self":[{"href":"https:\/\/lak.edu.lb\/en\/wp-json\/wp\/v2\/pages\/106","targetHints":{"allow":["GET"]}}],"collection":[{"href":"https:\/\/lak.edu.lb\/en\/wp-json\/wp\/v2\/pages"}],"about":[{"href":"https:\/\/lak.edu.lb\/en\/wp-json\/wp\/v2\/types\/page"}],"author":[{"embeddable":true,"href":"https:\/\/lak.edu.lb\/en\/wp-json\/wp\/v2\/users\/1"}],"replies":[{"embeddable":true,"href":"https:\/\/lak.edu.lb\/en\/wp-json\/wp\/v2\/comments?post=106"}],"version-history":[{"count":14,"href":"https:\/\/lak.edu.lb\/en\/wp-json\/wp\/v2\/pages\/106\/revisions"}],"predecessor-version":[{"id":767,"href":"https:\/\/lak.edu.lb\/en\/wp-json\/wp\/v2\/pages\/106\/revisions\/767"}],"up":[{"embeddable":true,"href":"https:\/\/lak.edu.lb\/en\/wp-json\/wp\/v2\/pages\/101"}],"wp:featuredmedia":[{"embeddable":true,"href":"https:\/\/lak.edu.lb\/en\/wp-json\/wp\/v2\/media\/527"}],"wp:attachment":[{"href":"https:\/\/lak.edu.lb\/en\/wp-json\/wp\/v2\/media?parent=106"}],"curies":[{"name":"wp","href":"https:\/\/api.w.org\/{rel}","templated":true}]}}