{"id":112,"date":"2026-01-26T17:10:14","date_gmt":"2026-01-26T17:10:14","guid":{"rendered":"https:\/\/lak.im-nomade.com\/?page_id=112"},"modified":"2026-02-26T17:16:30","modified_gmt":"2026-02-26T17:16:30","slug":"orientation","status":"publish","type":"page","link":"https:\/\/lak.edu.lb\/en\/parcours-pedagogique\/orientation\/","title":{"rendered":"Orientation"},"content":{"rendered":"<div data-elementor-type=\"wp-page\" data-elementor-id=\"112\" class=\"elementor elementor-112\" data-elementor-post-type=\"page\">\n\t\t\t\t<div class=\"elementor-element elementor-element-53b933b e-flex e-con-boxed e-con e-parent\" data-id=\"53b933b\" data-element_type=\"container\" data-e-type=\"container\">\n\t\t\t\t\t<div class=\"e-con-inner\">\n\t\t\t\t<div class=\"elementor-element elementor-element-917f363 elementor-widget elementor-widget-heading\" data-id=\"917f363\" data-element_type=\"widget\" data-e-type=\"widget\" data-widget_type=\"heading.default\">\n\t\t\t\t\t<h2 class=\"elementor-heading-title elementor-size-default\">Un tremplin vers l\u2019enseignement sup\u00e9rieur\n\n\n\n<\/h2>\t\t\t\t<\/div>\n\t\t\t\t<div class=\"elementor-element elementor-element-4492caf elementor-widget elementor-widget-text-editor\" data-id=\"4492caf\" data-element_type=\"widget\" data-e-type=\"widget\" data-widget_type=\"text-editor.default\">\n\t\t\t\t\t\t\t\t\t<p>Nous guidons nos futurs \u00e9tudiants vers les meilleures opportunit\u00e9s acad\u00e9miques :<\/p><ul><li aria-level=\"1\"><b>France :<\/b> Nous ma\u00eetrisons parfaitement les proc\u00e9dures d&rsquo;admission (<a href=\"https:\/\/www.liban.campusfrance.org\/\">Parcoursup<\/a>) pour int\u00e9grer les universit\u00e9s et grandes \u00e9coles fran\u00e7aises.<\/li><li aria-level=\"1\"><b>Liban :<\/b> Nous entretenons des liens \u00e9troits avec les meilleures institutions locales pour une poursuite d&rsquo;\u00e9tudes r\u00e9ussie au pays.<\/li><li aria-level=\"1\"><b>International :<\/b> Nous ouvrons les horizons vers des parcours anglophones ou europ\u00e9ens pour les profils internationaux.<\/li><\/ul>\t\t\t\t\t\t\t\t<\/div>\n\t\t\t\t\t<\/div>\n\t\t\t\t<\/div>\n\t\t<div class=\"elementor-element elementor-element-d2a61b8 e-flex e-con-boxed e-con e-parent\" data-id=\"d2a61b8\" data-element_type=\"container\" data-e-type=\"container\">\n\t\t\t\t\t<div class=\"e-con-inner\">\n\t\t\t\t<div class=\"elementor-element elementor-element-ff7bb13 elementor-widget elementor-widget-heading\" data-id=\"ff7bb13\" data-element_type=\"widget\" data-e-type=\"widget\" data-widget_type=\"heading.default\">\n\t\t\t\t\t<h2 class=\"elementor-heading-title elementor-size-default\">Nos actions concr\u00e8tes\n\n\n\n<\/h2>\t\t\t\t<\/div>\n\t\t\t\t<div class=\"elementor-element elementor-element-6d10820 elementor-widget elementor-widget-text-editor\" data-id=\"6d10820\" data-element_type=\"widget\" data-e-type=\"widget\" data-widget_type=\"text-editor.default\">\n\t\t\t\t\t\t\t\t\t<p>Pour \u00e9clairer ces choix importants, nous proposons un programme complet :<\/p><ul><li aria-level=\"1\">Entretiens individuels de suivi.<\/li><li aria-level=\"1\">S\u00e9ances d&rsquo;information sur les fili\u00e8res mondiales.<\/li><li aria-level=\"1\">Rencontres avec des repr\u00e9sentants d&rsquo;universit\u00e9s (Liban, France, \u00c9tranger).<\/li><li aria-level=\"1\">Ateliers de d\u00e9couverte des m\u00e9tiers.<\/li><\/ul>\t\t\t\t\t\t\t\t<\/div>\n\t\t\t\t\t<\/div>\n\t\t\t\t<\/div>\n\t\t<div class=\"elementor-element elementor-element-ba7b4fd e-flex e-con-boxed e-con e-parent\" data-id=\"ba7b4fd\" data-element_type=\"container\" data-e-type=\"container\">\n\t\t\t\t\t<div class=\"e-con-inner\">\n\t\t\t\t<div class=\"elementor-element elementor-element-1dfeb02 elementor-widget elementor-widget-button\" data-id=\"1dfeb02\" data-element_type=\"widget\" data-e-type=\"widget\" data-widget_type=\"button.default\">\n\t\t\t\t\t\t\t\t\t\t<a class=\"elementor-button elementor-button-link elementor-size-sm\" href=\"http:\/\/e\">\n\t\t\t\t\t\t<span class=\"elementor-button-content-wrapper\">\n\t\t\t\t\t\t<span class=\"elementor-button-icon\">\n\t\t\t\t<svg aria-hidden=\"true\" class=\"e-font-icon-svg e-fas-arrow-alt-circle-right\" viewbox=\"0 0 512 512\" xmlns=\"http:\/\/www.w3.org\/2000\/svg\"><path d=\"M256 8c137 0 248 111 248 248S393 504 256 504 8 393 8 256 119 8 256 8zM140 300h116v70.9c0 10.7 13 16.1 20.5 8.5l114.3-114.9c4.7-4.7 4.7-12.2 0-16.9l-114.3-115c-7.6-7.6-20.5-2.2-20.5 8.5V212H140c-6.6 0-12 5.4-12 12v64c0 6.6 5.4 12 12 12z\"><\/path><\/svg>\t\t\t<\/span>\n\t\t\t\t\t\t\t\t\t<span class=\"elementor-button-text\">Prendre RDV pour une visite<\/span>\n\t\t\t\t\t<\/span>\n\t\t\t\t\t<\/a>\n\t\t\t\t\t\t\t\t<\/div>\n\t\t\t\t\t<\/div>\n\t\t\t\t<\/div>\n\t\t\t\t<\/div>","protected":false},"excerpt":{"rendered":"<p>Un tremplin vers l\u2019enseignement sup\u00e9rieur Nous guidons nos futurs \u00e9tudiants vers les meilleures opportunit\u00e9s acad\u00e9miques : France : Nous ma\u00eetrisons parfaitement les proc\u00e9dures d&rsquo;admission (Parcoursup) pour int\u00e9grer les universit\u00e9s et grandes \u00e9coles fran\u00e7aises. Liban : Nous entretenons des liens \u00e9troits avec les meilleures institutions locales pour une poursuite d&rsquo;\u00e9tudes r\u00e9ussie au pays. International : Nous [&hellip;]<\/p>\n","protected":false},"author":1,"featured_media":0,"parent":101,"menu_order":0,"comment_status":"closed","ping_status":"closed","template":"","meta":{"_acf_changed":false,"footnotes":""},"class_list":["post-112","page","type-page","status-publish","hentry"],"acf":[],"_links":{"self":[{"href":"https:\/\/lak.edu.lb\/en\/wp-json\/wp\/v2\/pages\/112","targetHints":{"allow":["GET"]}}],"collection":[{"href":"https:\/\/lak.edu.lb\/en\/wp-json\/wp\/v2\/pages"}],"about":[{"href":"https:\/\/lak.edu.lb\/en\/wp-json\/wp\/v2\/types\/page"}],"author":[{"embeddable":true,"href":"https:\/\/lak.edu.lb\/en\/wp-json\/wp\/v2\/users\/1"}],"replies":[{"embeddable":true,"href":"https:\/\/lak.edu.lb\/en\/wp-json\/wp\/v2\/comments?post=112"}],"version-history":[{"count":8,"href":"https:\/\/lak.edu.lb\/en\/wp-json\/wp\/v2\/pages\/112\/revisions"}],"predecessor-version":[{"id":793,"href":"https:\/\/lak.edu.lb\/en\/wp-json\/wp\/v2\/pages\/112\/revisions\/793"}],"up":[{"embeddable":true,"href":"https:\/\/lak.edu.lb\/en\/wp-json\/wp\/v2\/pages\/101"}],"wp:attachment":[{"href":"https:\/\/lak.edu.lb\/en\/wp-json\/wp\/v2\/media?parent=112"}],"curies":[{"name":"wp","href":"https:\/\/api.w.org\/{rel}","templated":true}]}}