{"id":118,"date":"2026-01-26T17:10:58","date_gmt":"2026-01-26T17:10:58","guid":{"rendered":"https:\/\/lak.im-nomade.com\/?page_id=118"},"modified":"2026-02-26T17:22:46","modified_gmt":"2026-02-26T17:22:46","slug":"activites-periscolaires","status":"publish","type":"page","link":"https:\/\/lak.edu.lb\/en\/vie-a-lecole\/activites-periscolaires\/","title":{"rendered":"Extracurricular activities"},"content":{"rendered":"<div data-elementor-type=\"wp-page\" data-elementor-id=\"118\" class=\"elementor elementor-118\" data-elementor-post-type=\"page\">\n\t\t\t\t<div class=\"elementor-element elementor-element-2106862 e-flex e-con-boxed e-con e-parent\" data-id=\"2106862\" data-element_type=\"container\" data-e-type=\"container\">\n\t\t\t\t\t<div class=\"e-con-inner\">\n\t\t\t\t<div class=\"elementor-element elementor-element-74ce4fd e-n-tabs-mobile elementor-widget elementor-widget-n-tabs\" data-id=\"74ce4fd\" data-element_type=\"widget\" data-e-type=\"widget\" data-widget_type=\"nested-tabs.default\">\n\t\t\t\t\t\t\t<div class=\"e-n-tabs\" data-widget-number=\"122479869\" aria-label=\"Tabs. Open items with Enter or Space, close with Escape and navigate using the Arrow keys.\" data-no-translation-aria-label=\"\">\n\t\t\t<div class=\"e-n-tabs-heading\" role=\"tablist\">\n\t\t\t\t\t<button id=\"e-n-tab-title-1224798691\" data-tab-title-id=\"e-n-tab-title-1224798691\" class=\"e-n-tab-title\" aria-selected=\"true\" data-tab-index=\"1\" role=\"tab\" tabindex=\"0\" aria-controls=\"e-n-tab-content-1224798691\" style=\"--n-tabs-title-order: 1;\">\n\t\t\t\t\t\t<span class=\"e-n-tab-title-text\">\n\t\t\t\tNursery \t\t\t<\/span>\n\t\t<\/button>\n\t\t\t\t<button id=\"e-n-tab-title-1224798692\" data-tab-title-id=\"e-n-tab-title-1224798692\" class=\"e-n-tab-title\" aria-selected=\"false\" data-tab-index=\"2\" role=\"tab\" tabindex=\"-1\" aria-controls=\"e-n-tab-content-1224798692\" style=\"--n-tabs-title-order: 2;\">\n\t\t\t\t\t\t<span class=\"e-n-tab-title-text\">\n\t\t\t\t\u00c9l\u00e9mentaire\t\t\t<\/span>\n\t\t<\/button>\n\t\t\t\t<button id=\"e-n-tab-title-1224798693\" data-tab-title-id=\"e-n-tab-title-1224798693\" class=\"e-n-tab-title\" aria-selected=\"false\" data-tab-index=\"3\" role=\"tab\" tabindex=\"-1\" aria-controls=\"e-n-tab-content-1224798693\" style=\"--n-tabs-title-order: 3;\">\n\t\t\t\t\t\t<span class=\"e-n-tab-title-text\">\n\t\t\t\tColl\u00e8ge\t\t\t<\/span>\n\t\t<\/button>\n\t\t\t\t\t<\/div>\n\t\t\t<div class=\"e-n-tabs-content\">\n\t\t\t\t<div id=\"e-n-tab-content-1224798691\" role=\"tabpanel\" aria-labelledby=\"e-n-tab-title-1224798691\" data-tab-index=\"1\" style=\"--n-tabs-title-order: 1;\" class=\"e-active elementor-element elementor-element-a17d2fe e-con-full e-flex e-con e-child\" data-id=\"a17d2fe\" data-element_type=\"container\" data-e-type=\"container\">\n\t\t\t\t<div class=\"elementor-element elementor-element-dfd3b61 elementor-widget elementor-widget-heading\" data-id=\"dfd3b61\" data-element_type=\"widget\" data-e-type=\"widget\" data-widget_type=\"heading.default\">\n\t\t\t\t\t<h2 class=\"elementor-heading-title elementor-size-default\">\u00c9veil et Motricit\u00e9\n\n\n\n<\/h2>\t\t\t\t<\/div>\n\t\t\t\t<div class=\"elementor-element elementor-element-8afee9e elementor-widget elementor-widget-text-editor\" data-id=\"8afee9e\" data-element_type=\"widget\" data-e-type=\"widget\" data-widget_type=\"text-editor.default\">\n\t\t\t\t\t\t\t\t\t<p>Nous accompagnons les plus petits dans le d\u00e9veloppement de leur autonomie \u00e0 travers des ateliers adapt\u00e9s \u00e0 leur rythme.<\/p><ul><li aria-level=\"1\"><b>Sciences et Logique :<\/b> Construction et manipulation avec Little Engineer pour \u00e9veiller la curiosit\u00e9 technologique.<\/li><li aria-level=\"1\"><b>Arts et Cr\u00e9ation :<\/b> Dessin, peinture et modelage de la p\u00e2te \u00e0 bois pour d\u00e9velopper la motricit\u00e9 fine.<\/li><li aria-level=\"1\"><b>Expression Corporelle :<\/b> Danse, acrobaties et initiation au Tha\u00ef Boxing pour le respect et le fair-play.<\/li><li aria-level=\"1\"><b>Cuisine :<\/b> Ateliers Master Chef pour apprendre \u00e0 peser, m\u00e9langer et d\u00e9guster de vraies recettes.<\/li><\/ul><p><b>Sport :<\/b> Jeux dynamiques et ludiques pour progresser physiquement en s&rsquo;amusant.<\/p>\t\t\t\t\t\t\t\t<\/div>\n\t\t\t\t<div class=\"elementor-element elementor-element-6abd014 elementor-widget elementor-widget-gallery\" data-id=\"6abd014\" data-element_type=\"widget\" data-e-type=\"widget\" data-settings=\"{&quot;gallery_layout&quot;:&quot;masonry&quot;,&quot;columns&quot;:2,&quot;lazyload&quot;:&quot;yes&quot;,&quot;columns_tablet&quot;:2,&quot;columns_mobile&quot;:1,&quot;gap&quot;:{&quot;unit&quot;:&quot;px&quot;,&quot;size&quot;:10,&quot;sizes&quot;:[]},&quot;gap_tablet&quot;:{&quot;unit&quot;:&quot;px&quot;,&quot;size&quot;:10,&quot;sizes&quot;:[]},&quot;gap_mobile&quot;:{&quot;unit&quot;:&quot;px&quot;,&quot;size&quot;:10,&quot;sizes&quot;:[]},&quot;link_to&quot;:&quot;file&quot;,&quot;overlay_background&quot;:&quot;yes&quot;,&quot;content_hover_animation&quot;:&quot;fade-in&quot;}\" data-widget_type=\"gallery.default\">\n\t\t\t\t\t\t\t<div class=\"elementor-gallery__container\">\n\t\t\t\t\t\t\t<a class=\"e-gallery-item elementor-gallery-item elementor-animated-content\" href=\"https:\/\/lak.edu.lb\/wp-content\/uploads\/2026\/02\/Copy-of-98db1e23-da7b-4834-988e-7195f04642c8-1.jpg\" data-elementor-open-lightbox=\"yes\" data-elementor-lightbox-slideshow=\"6abd014\" data-elementor-lightbox-title=\"Copy of 98db1e23-da7b-4834-988e-7195f04642c8\" data-e-action-hash=\"#elementor-action%3Aaction%3Dlightbox%26settings%3DeyJpZCI6Nzk1LCJ1cmwiOiJodHRwczpcL1wvbGFrLmVkdS5sYlwvd3AtY29udGVudFwvdXBsb2Fkc1wvMjAyNlwvMDJcL0NvcHktb2YtOThkYjFlMjMtZGE3Yi00ODM0LTk4OGUtNzE5NWYwNDY0MmM4LTEuanBnIiwic2xpZGVzaG93IjoiNmFiZDAxNCJ9\">\n\t\t\t\t\t<div class=\"e-gallery-image elementor-gallery-item__image\" data-thumbnail=\"https:\/\/lak.edu.lb\/wp-content\/uploads\/2026\/02\/Copy-of-98db1e23-da7b-4834-988e-7195f04642c8-1-225x300.jpg\" data-width=\"225\" data-height=\"300\" aria-label=\"\" role=\"img\" ><\/div>\n\t\t\t\t\t\t\t\t\t\t\t<div class=\"elementor-gallery-item__overlay\"><\/div>\n\t\t\t\t\t\t\t\t\t\t\t\t\t\t<\/a>\n\t\t\t\t\t\t\t<a class=\"e-gallery-item elementor-gallery-item elementor-animated-content\" href=\"https:\/\/lak.edu.lb\/wp-content\/uploads\/2026\/02\/IFQQ8945.jpg\" data-elementor-open-lightbox=\"yes\" data-elementor-lightbox-slideshow=\"6abd014\" data-elementor-lightbox-title=\"IFQQ8945\" data-e-action-hash=\"#elementor-action%3Aaction%3Dlightbox%26settings%3DeyJpZCI6Nzk2LCJ1cmwiOiJodHRwczpcL1wvbGFrLmVkdS5sYlwvd3AtY29udGVudFwvdXBsb2Fkc1wvMjAyNlwvMDJcL0lGUVE4OTQ1LmpwZyIsInNsaWRlc2hvdyI6IjZhYmQwMTQifQ%3D%3D\">\n\t\t\t\t\t<div class=\"e-gallery-image elementor-gallery-item__image\" data-thumbnail=\"https:\/\/lak.edu.lb\/wp-content\/uploads\/2026\/02\/IFQQ8945-225x300.jpg\" data-width=\"225\" data-height=\"300\" aria-label=\"\" role=\"img\" ><\/div>\n\t\t\t\t\t\t\t\t\t\t\t<div class=\"elementor-gallery-item__overlay\"><\/div>\n\t\t\t\t\t\t\t\t\t\t\t\t\t\t<\/a>\n\t\t\t\t\t\t\t<a class=\"e-gallery-item elementor-gallery-item elementor-animated-content\" href=\"https:\/\/lak.edu.lb\/wp-content\/uploads\/2026\/02\/IBGN0957.jpg\" data-elementor-open-lightbox=\"yes\" data-elementor-lightbox-slideshow=\"6abd014\" data-elementor-lightbox-title=\"IBGN0957\" data-e-action-hash=\"#elementor-action%3Aaction%3Dlightbox%26settings%3DeyJpZCI6Nzk3LCJ1cmwiOiJodHRwczpcL1wvbGFrLmVkdS5sYlwvd3AtY29udGVudFwvdXBsb2Fkc1wvMjAyNlwvMDJcL0lCR04wOTU3LmpwZyIsInNsaWRlc2hvdyI6IjZhYmQwMTQifQ%3D%3D\">\n\t\t\t\t\t<div class=\"e-gallery-image elementor-gallery-item__image\" data-thumbnail=\"https:\/\/lak.edu.lb\/wp-content\/uploads\/2026\/02\/IBGN0957-300x225.jpg\" data-width=\"300\" data-height=\"225\" aria-label=\"\" role=\"img\" ><\/div>\n\t\t\t\t\t\t\t\t\t\t\t<div class=\"elementor-gallery-item__overlay\"><\/div>\n\t\t\t\t\t\t\t\t\t\t\t\t\t\t<\/a>\n\t\t\t\t\t\t\t<a class=\"e-gallery-item elementor-gallery-item elementor-animated-content\" href=\"https:\/\/lak.edu.lb\/wp-content\/uploads\/2026\/02\/CING0313-1.jpg\" data-elementor-open-lightbox=\"yes\" data-elementor-lightbox-slideshow=\"6abd014\" data-elementor-lightbox-title=\"CING0313\" data-e-action-hash=\"#elementor-action%3Aaction%3Dlightbox%26settings%3DeyJpZCI6Nzk4LCJ1cmwiOiJodHRwczpcL1wvbGFrLmVkdS5sYlwvd3AtY29udGVudFwvdXBsb2Fkc1wvMjAyNlwvMDJcL0NJTkcwMzEzLTEuanBnIiwic2xpZGVzaG93IjoiNmFiZDAxNCJ9\">\n\t\t\t\t\t<div class=\"e-gallery-image elementor-gallery-item__image\" data-thumbnail=\"https:\/\/lak.edu.lb\/wp-content\/uploads\/2026\/02\/CING0313-1-300x225.jpg\" data-width=\"300\" data-height=\"225\" aria-label=\"\" role=\"img\" ><\/div>\n\t\t\t\t\t\t\t\t\t\t\t<div class=\"elementor-gallery-item__overlay\"><\/div>\n\t\t\t\t\t\t\t\t\t\t\t\t\t\t<\/a>\n\t\t\t\t\t<\/div>\n\t\t\t\t\t<\/div>\n\t\t\t\t<\/div>\n\t\t<div id=\"e-n-tab-content-1224798692\" role=\"tabpanel\" aria-labelledby=\"e-n-tab-title-1224798692\" data-tab-index=\"2\" style=\"--n-tabs-title-order: 2;\" class=\"elementor-element elementor-element-8da4b92 e-con-full e-flex e-con e-child\" data-id=\"8da4b92\" data-element_type=\"container\" data-e-type=\"container\">\n\t\t\t\t<div class=\"elementor-element elementor-element-f8d3103 elementor-widget elementor-widget-heading\" data-id=\"f8d3103\" data-element_type=\"widget\" data-e-type=\"widget\" data-widget_type=\"heading.default\">\n\t\t\t\t\t<h2 class=\"elementor-heading-title elementor-size-default\">Exploration &amp; Collaboration\n\n\n\n<\/h2>\t\t\t\t<\/div>\n\t\t\t\t<div class=\"elementor-element elementor-element-d750326 elementor-widget elementor-widget-text-editor\" data-id=\"d750326\" data-element_type=\"widget\" data-e-type=\"widget\" data-widget_type=\"text-editor.default\">\n\t\t\t\t\t\t\t\t\t<p>Du CP au CM2, les \u00e9l\u00e8ves approfondissent leurs talents et d\u00e9couvrent de nouvelles passions avec des intervenants sp\u00e9cialis\u00e9s.<\/p><p>\u00a0<\/p><ul><li aria-level=\"1\"><b>Technologie :<\/b> Robotique et programmation pour construire, explorer et collaborer.<br \/><br \/><\/li><li aria-level=\"1\"><b>Sports d&rsquo;\u00c9quipe :<\/b> Football, Basketball et Handball pour apprendre les techniques de passes et de dribbles.<br \/><br \/><\/li><li aria-level=\"1\"><b>Arts de la Sc\u00e8ne :<\/b> Th\u00e9\u00e2tre (marionnettes, mime, voix) et diff\u00e9rents styles de danse pour l&rsquo;expression corporelle.<br \/><br \/><\/li><li aria-level=\"1\"><b>R\u00e9flexion et Bien-\u00eatre :<\/b> Club d&rsquo;\u00c9checs pour tous les niveaux et Pilates Junior pour renforcer la posture au sol.<br \/><br \/><\/li><\/ul><p><b>Langues :<\/b> Cours d&rsquo;Espagnol pour les CM1 et CM2.<\/p>\t\t\t\t\t\t\t\t<\/div>\n\t\t\t\t<\/div>\n\t\t<div id=\"e-n-tab-content-1224798693\" role=\"tabpanel\" aria-labelledby=\"e-n-tab-title-1224798693\" data-tab-index=\"3\" style=\"--n-tabs-title-order: 3;\" class=\"elementor-element elementor-element-f2eca3a e-con-full e-flex e-con e-child\" data-id=\"f2eca3a\" data-element_type=\"container\" data-e-type=\"container\">\n\t\t\t\t<div class=\"elementor-element elementor-element-d34b51c elementor-widget elementor-widget-heading\" data-id=\"d34b51c\" data-element_type=\"widget\" data-e-type=\"widget\" data-widget_type=\"heading.default\">\n\t\t\t\t\t<h2 class=\"elementor-heading-title elementor-size-default\">Sport &amp; Culture\n\n\n\n<\/h2>\t\t\t\t<\/div>\n\t\t\t\t<div class=\"elementor-element elementor-element-b5aa0d4 elementor-widget elementor-widget-text-editor\" data-id=\"b5aa0d4\" data-element_type=\"widget\" data-e-type=\"widget\" data-widget_type=\"text-editor.default\">\n\t\t\t\t\t\t\t\t\t<p>Les coll\u00e9giens profitent de l&rsquo;Association Sportive et de clubs th\u00e9matiques pour se d\u00e9passer et partager des moments forts.<\/p><ul><li aria-level=\"1\"><b>Sports de Comp\u00e9tition :<\/b> Football, Basketball et Tennis de table.<\/li><li aria-level=\"1\"><b>Condition Physique :<\/b> Musculation encadr\u00e9e pour un entra\u00eenement physique s\u00e9curis\u00e9.<\/li><li aria-level=\"1\"><b>Musique :<\/b> Chorale pour explorer son talent vocal et chanter en groupe.<\/li><\/ul><p>Pr\u00eat \u00e0 enrichir le parcours de votre enfant ? Contactez notre secr\u00e9tariat pour proc\u00e9der \u00e0 l&rsquo;inscription.<\/p>\t\t\t\t\t\t\t\t<\/div>\n\t\t\t\t<\/div>\n\t\t\t\t\t<\/div>\n\t\t<\/div>\n\t\t\t\t\t\t<\/div>\n\t\t\t\t\t<\/div>\n\t\t\t\t<\/div>\n\t\t\t\t<\/div>","protected":false},"excerpt":{"rendered":"<p>Maternelle \u00c9l\u00e9mentaire Coll\u00e8ge \u00c9veil et Motricit\u00e9 Nous accompagnons les plus petits dans le d\u00e9veloppement de leur autonomie \u00e0 travers des ateliers adapt\u00e9s \u00e0 leur rythme. Sciences et Logique : Construction et manipulation avec Little Engineer pour \u00e9veiller la curiosit\u00e9 technologique. Arts et Cr\u00e9ation : Dessin, peinture et modelage de la p\u00e2te \u00e0 bois pour d\u00e9velopper [&hellip;]<\/p>\n","protected":false},"author":1,"featured_media":505,"parent":114,"menu_order":0,"comment_status":"closed","ping_status":"closed","template":"","meta":{"_acf_changed":false,"footnotes":""},"class_list":["post-118","page","type-page","status-publish","has-post-thumbnail","hentry"],"acf":[],"_links":{"self":[{"href":"https:\/\/lak.edu.lb\/en\/wp-json\/wp\/v2\/pages\/118","targetHints":{"allow":["GET"]}}],"collection":[{"href":"https:\/\/lak.edu.lb\/en\/wp-json\/wp\/v2\/pages"}],"about":[{"href":"https:\/\/lak.edu.lb\/en\/wp-json\/wp\/v2\/types\/page"}],"author":[{"embeddable":true,"href":"https:\/\/lak.edu.lb\/en\/wp-json\/wp\/v2\/users\/1"}],"replies":[{"embeddable":true,"href":"https:\/\/lak.edu.lb\/en\/wp-json\/wp\/v2\/comments?post=118"}],"version-history":[{"count":14,"href":"https:\/\/lak.edu.lb\/en\/wp-json\/wp\/v2\/pages\/118\/revisions"}],"predecessor-version":[{"id":807,"href":"https:\/\/lak.edu.lb\/en\/wp-json\/wp\/v2\/pages\/118\/revisions\/807"}],"up":[{"embeddable":true,"href":"https:\/\/lak.edu.lb\/en\/wp-json\/wp\/v2\/pages\/114"}],"wp:featuredmedia":[{"embeddable":true,"href":"https:\/\/lak.edu.lb\/en\/wp-json\/wp\/v2\/media\/505"}],"wp:attachment":[{"href":"https:\/\/lak.edu.lb\/en\/wp-json\/wp\/v2\/media?parent=118"}],"curies":[{"name":"wp","href":"https:\/\/api.w.org\/{rel}","templated":true}]}}