{"id":128,"date":"2026-01-26T17:12:43","date_gmt":"2026-01-26T17:12:43","guid":{"rendered":"https:\/\/lak.im-nomade.com\/?page_id=128"},"modified":"2026-03-07T07:27:03","modified_gmt":"2026-03-07T07:27:03","slug":"restauration","status":"publish","type":"page","link":"https:\/\/lak.edu.lb\/en\/services-aux-familles\/restauration\/","title":{"rendered":"Catering"},"content":{"rendered":"\t\t<div data-elementor-type=\"wp-page\" data-elementor-id=\"128\" class=\"elementor elementor-128\" data-elementor-post-type=\"page\">\n\t\t\t\t<div class=\"elementor-element elementor-element-c1a4329 e-flex e-con-boxed e-con e-parent\" data-id=\"c1a4329\" data-element_type=\"container\" data-e-type=\"container\">\n\t\t\t\t\t<div class=\"e-con-inner\">\n\t\t\t\t<div class=\"elementor-element elementor-element-49e7f13 elementor-widget elementor-widget-heading\" data-id=\"49e7f13\" data-element_type=\"widget\" data-e-type=\"widget\" data-widget_type=\"heading.default\">\n\t\t\t\t\t<h2 class=\"elementor-heading-title elementor-size-default\">Un large choix pour toutes les envies\n\n\n\n\n<\/h2>\t\t\t\t<\/div>\n\t\t\t\t<div class=\"elementor-element elementor-element-cef92bf elementor-widget elementor-widget-text-editor\" data-id=\"cef92bf\" data-element_type=\"widget\" data-e-type=\"widget\" data-widget_type=\"text-editor.default\">\n\t\t\t\t\t\t\t\t\t<p>Notre kiosque pr\u00e9pare quotidiennement des options simples et satisfaisantes qui plaisent \u00e0 toutes les tranches d&rsquo;\u00e2ge. Que ce soit pour un petit-d\u00e9jeuner rapide ou un d\u00e9jeuner sur le pouce, chaque \u00e9l\u00e8ve y trouve son bonheur.<\/p>\t\t\t\t\t\t\t\t<\/div>\n\t\t\t\t\t<\/div>\n\t\t\t\t<\/div>\n\t\t<div class=\"elementor-element elementor-element-16fc922 e-flex e-con-boxed e-con e-parent\" data-id=\"16fc922\" data-element_type=\"container\" data-e-type=\"container\">\n\t\t\t\t\t<div class=\"e-con-inner\">\n\t\t<div class=\"elementor-element elementor-element-da86182 e-con-full e-flex e-con e-child\" data-id=\"da86182\" data-element_type=\"container\" data-e-type=\"container\">\n\t\t\t\t<div class=\"elementor-element elementor-element-ba4a543 elementor-widget elementor-widget-heading\" data-id=\"ba4a543\" data-element_type=\"widget\" data-e-type=\"widget\" data-widget_type=\"heading.default\">\n\t\t\t\t\t<h2 class=\"elementor-heading-title elementor-size-default\">Nos produits phares\n\n\n\n\n\n<\/h2>\t\t\t\t<\/div>\n\t\t\t\t<div class=\"elementor-element elementor-element-adbe87d elementor-widget elementor-widget-text-editor\" data-id=\"adbe87d\" data-element_type=\"widget\" data-e-type=\"widget\" data-widget_type=\"text-editor.default\">\n\t\t\t\t\t\t\t\t\t<ul><li aria-level=\"1\"><b>Boulangerie du jour :<\/b> Des manakish et des croissants servis frais chaque matin.<\/li><li aria-level=\"1\"><b>Sandwichs et Salades :<\/b> Une gamme de sandwichs de qualit\u00e9 et des salades disponibles en deux formats.<\/li><li aria-level=\"1\"><b>Rafra\u00eechissements :<\/b> Un grand choix de boissons froides et de jus de fruits frais.<\/li><li aria-level=\"1\"><b>Douceurs :<\/b> Des g\u00e2teaux, des coupes de fruits et des p\u00e2tisseries traditionnelles pour le go\u00fbter.<\/li><\/ul>\t\t\t\t\t\t\t\t<\/div>\n\t\t\t\t<\/div>\n\t\t<div class=\"elementor-element elementor-element-60e09c1 e-con-full e-flex e-con e-child\" data-id=\"60e09c1\" data-element_type=\"container\" data-e-type=\"container\" data-settings=\"{&quot;background_background&quot;:&quot;slideshow&quot;,&quot;background_slideshow_gallery&quot;:[{&quot;id&quot;:821,&quot;url&quot;:&quot;https:\\\/\\\/lak.edu.lb\\\/wp-content\\\/uploads\\\/2026\\\/02\\\/IMG_8590-rotated.jpeg&quot;},{&quot;id&quot;:822,&quot;url&quot;:&quot;https:\\\/\\\/lak.edu.lb\\\/wp-content\\\/uploads\\\/2026\\\/02\\\/IMG_8570-rotated.jpeg&quot;}],&quot;background_slideshow_ken_burns&quot;:&quot;yes&quot;,&quot;background_slideshow_loop&quot;:&quot;yes&quot;,&quot;background_slideshow_slide_duration&quot;:5000,&quot;background_slideshow_slide_transition&quot;:&quot;fade&quot;,&quot;background_slideshow_transition_duration&quot;:500,&quot;background_slideshow_ken_burns_zoom_direction&quot;:&quot;in&quot;}\">\n\t\t\t\t<div class=\"elementor-element elementor-element-3583b72 elementor-widget elementor-widget-spacer\" data-id=\"3583b72\" data-element_type=\"widget\" data-e-type=\"widget\" data-widget_type=\"spacer.default\">\n\t\t\t\t\t\t\t<div class=\"elementor-spacer\">\n\t\t\t<div class=\"elementor-spacer-inner\"><\/div>\n\t\t<\/div>\n\t\t\t\t\t\t<\/div>\n\t\t\t\t<\/div>\n\t\t\t\t\t<\/div>\n\t\t\t\t<\/div>\n\t\t<div class=\"elementor-element elementor-element-616ea40 e-flex e-con-boxed e-con e-parent\" data-id=\"616ea40\" data-element_type=\"container\" data-e-type=\"container\">\n\t\t\t\t\t<div class=\"e-con-inner\">\n\t\t<div class=\"elementor-element elementor-element-0652b8e e-con-full e-flex e-con e-child\" data-id=\"0652b8e\" data-element_type=\"container\" data-e-type=\"container\">\n\t\t<div class=\"elementor-element elementor-element-1eb57e4 e-con-full e-flex e-con e-child\" data-id=\"1eb57e4\" data-element_type=\"container\" data-e-type=\"container\" data-settings=\"{&quot;background_background&quot;:&quot;classic&quot;}\">\n\t\t\t\t<div class=\"elementor-element elementor-element-95245ee elementor-widget elementor-widget-spacer\" data-id=\"95245ee\" data-element_type=\"widget\" data-e-type=\"widget\" data-widget_type=\"spacer.default\">\n\t\t\t\t\t\t\t<div class=\"elementor-spacer\">\n\t\t\t<div class=\"elementor-spacer-inner\"><\/div>\n\t\t<\/div>\n\t\t\t\t\t\t<\/div>\n\t\t\t\t<\/div>\n\t\t<div class=\"elementor-element elementor-element-d2a87e8 e-con-full e-flex e-con e-child\" data-id=\"d2a87e8\" data-element_type=\"container\" data-e-type=\"container\">\n\t\t\t\t<div class=\"elementor-element elementor-element-b7cec2b elementor-widget elementor-widget-heading\" data-id=\"b7cec2b\" data-element_type=\"widget\" data-e-type=\"widget\" data-widget_type=\"heading.default\">\n\t\t\t\t\t<h2 class=\"elementor-heading-title elementor-size-default\">Un espace ext\u00e9rieur am\u00e9nag\u00e9\n\n\n\n\n\n\n<\/h2>\t\t\t\t<\/div>\n\t\t\t\t<div class=\"elementor-element elementor-element-518cf6a elementor-widget elementor-widget-text-editor\" data-id=\"518cf6a\" data-element_type=\"widget\" data-e-type=\"widget\" data-widget_type=\"text-editor.default\">\n\t\t\t\t\t\t\t\t\t<p>Pour profiter pleinement de leur pause, les \u00e9l\u00e8ves disposent d&rsquo;un espace ext\u00e9rieur accueillant. Des tables de pique-nique color\u00e9es sont install\u00e9es \u00e0 l&rsquo;ombre, offrant un cadre id\u00e9al pour d\u00e9jeuner, discuter et se d\u00e9tendre entre camarades.<\/p><p>Pr\u00eat pour la pause ? Venez d\u00e9couvrir les sp\u00e9cialit\u00e9s du jour au kiosque !<\/p>\t\t\t\t\t\t\t\t<\/div>\n\t\t\t\t<\/div>\n\t\t\t\t<\/div>\n\t\t\t\t\t<\/div>\n\t\t\t\t<\/div>\n\t\t\t\t<\/div>\n\t\t","protected":false},"excerpt":{"rendered":"<p>Un large choix pour toutes les envies Notre kiosque pr\u00e9pare quotidiennement des options simples et satisfaisantes qui plaisent \u00e0 toutes les tranches d&rsquo;\u00e2ge. Que ce soit pour un petit-d\u00e9jeuner rapide ou un d\u00e9jeuner sur le pouce, chaque \u00e9l\u00e8ve y trouve son bonheur. Nos produits phares Boulangerie du jour : Des manakish et des croissants servis [&hellip;]<\/p>\n","protected":false},"author":1,"featured_media":0,"parent":126,"menu_order":0,"comment_status":"closed","ping_status":"closed","template":"","meta":{"_acf_changed":false,"footnotes":""},"class_list":["post-128","page","type-page","status-publish","hentry"],"acf":[],"_links":{"self":[{"href":"https:\/\/lak.edu.lb\/en\/wp-json\/wp\/v2\/pages\/128","targetHints":{"allow":["GET"]}}],"collection":[{"href":"https:\/\/lak.edu.lb\/en\/wp-json\/wp\/v2\/pages"}],"about":[{"href":"https:\/\/lak.edu.lb\/en\/wp-json\/wp\/v2\/types\/page"}],"author":[{"embeddable":true,"href":"https:\/\/lak.edu.lb\/en\/wp-json\/wp\/v2\/users\/1"}],"replies":[{"embeddable":true,"href":"https:\/\/lak.edu.lb\/en\/wp-json\/wp\/v2\/comments?post=128"}],"version-history":[{"count":17,"href":"https:\/\/lak.edu.lb\/en\/wp-json\/wp\/v2\/pages\/128\/revisions"}],"predecessor-version":[{"id":880,"href":"https:\/\/lak.edu.lb\/en\/wp-json\/wp\/v2\/pages\/128\/revisions\/880"}],"up":[{"embeddable":true,"href":"https:\/\/lak.edu.lb\/en\/wp-json\/wp\/v2\/pages\/126"}],"wp:attachment":[{"href":"https:\/\/lak.edu.lb\/en\/wp-json\/wp\/v2\/media?parent=128"}],"curies":[{"name":"wp","href":"https:\/\/api.w.org\/{rel}","templated":true}]}}