{"id":140,"date":"2026-01-26T17:14:16","date_gmt":"2026-01-26T17:14:16","guid":{"rendered":"https:\/\/lak.im-nomade.com\/?page_id=140"},"modified":"2026-02-27T09:25:55","modified_gmt":"2026-02-27T09:25:55","slug":"procedure-dinscription","status":"publish","type":"page","link":"https:\/\/lak.edu.lb\/en\/admissions\/procedure-dinscription\/","title":{"rendered":"Proc\u00e9dure d&rsquo;inscription"},"content":{"rendered":"\t\t<div data-elementor-type=\"wp-page\" data-elementor-id=\"140\" class=\"elementor elementor-140\" data-elementor-post-type=\"page\">\n\t\t\t\t<div class=\"elementor-element elementor-element-bfdea82 e-flex e-con-boxed e-con e-parent\" data-id=\"bfdea82\" data-element_type=\"container\" data-e-type=\"container\">\n\t\t\t\t\t<div class=\"e-con-inner\">\n\t\t<div class=\"elementor-element elementor-element-91e80bf e-con-full e-flex e-con e-child\" data-id=\"91e80bf\" data-element_type=\"container\" data-e-type=\"container\">\n\t\t<div class=\"elementor-element elementor-element-9ec1753 e-con-full e-flex e-con e-child\" data-id=\"9ec1753\" data-element_type=\"container\" data-e-type=\"container\" data-settings=\"{&quot;sticky&quot;:&quot;top&quot;,&quot;sticky_offset&quot;:150,&quot;sticky_parent&quot;:&quot;yes&quot;,&quot;sticky_on&quot;:[&quot;desktop&quot;,&quot;tablet&quot;,&quot;mobile&quot;],&quot;sticky_effects_offset&quot;:0,&quot;sticky_anchor_link_offset&quot;:0}\">\n\t\t\t\t<div class=\"elementor-element elementor-element-16755d6 elementor-widget elementor-widget-heading\" data-id=\"16755d6\" data-element_type=\"widget\" data-e-type=\"widget\" data-widget_type=\"heading.default\">\n\t\t\t\t\t<h2 class=\"elementor-heading-title elementor-size-default\">Besoin d'aide pour l'inscription ? <\/h2>\t\t\t\t<\/div>\n\t\t\t\t<div class=\"elementor-element elementor-element-3270ba5 elementor-position-left elementor-vertical-align-top elementor-widget elementor-widget-image-box\" data-id=\"3270ba5\" data-element_type=\"widget\" data-e-type=\"widget\" data-widget_type=\"image-box.default\">\n\t\t\t\t\t<div class=\"elementor-image-box-wrapper\"><figure class=\"elementor-image-box-img\"><img fetchpriority=\"high\" decoding=\"async\" width=\"256\" height=\"256\" src=\"https:\/\/lak.edu.lb\/wp-content\/uploads\/2026\/01\/utilisateurs.png\" class=\"elementor-animation-pulse attachment-full size-full wp-image-38\" alt=\"\" srcset=\"https:\/\/lak.edu.lb\/wp-content\/uploads\/2026\/01\/utilisateurs.png 256w, https:\/\/lak.edu.lb\/wp-content\/uploads\/2026\/01\/utilisateurs-150x150.png 150w, https:\/\/lak.edu.lb\/wp-content\/uploads\/2026\/01\/utilisateurs-12x12.png 12w\" sizes=\"(max-width: 256px) 100vw, 256px\" \/><\/figure><div class=\"elementor-image-box-content\"><h3 class=\"elementor-image-box-title\">Mme Maya Nahas<\/h3><p class=\"elementor-image-box-description\">Tel : 01 365 429 ext 20<br>\nEmail : secretariat.primaire@ lak. edu. lb <\/p><\/div><\/div>\t\t\t\t<\/div>\n\t\t\t\t<div class=\"elementor-element elementor-element-3d7e65b elementor-position-left elementor-vertical-align-top elementor-widget elementor-widget-image-box\" data-id=\"3d7e65b\" data-element_type=\"widget\" data-e-type=\"widget\" data-widget_type=\"image-box.default\">\n\t\t\t\t\t<div class=\"elementor-image-box-wrapper\"><figure class=\"elementor-image-box-img\"><img fetchpriority=\"high\" decoding=\"async\" width=\"256\" height=\"256\" src=\"https:\/\/lak.edu.lb\/wp-content\/uploads\/2026\/01\/utilisateurs.png\" class=\"elementor-animation-pulse attachment-full size-full wp-image-38\" alt=\"\" srcset=\"https:\/\/lak.edu.lb\/wp-content\/uploads\/2026\/01\/utilisateurs.png 256w, https:\/\/lak.edu.lb\/wp-content\/uploads\/2026\/01\/utilisateurs-150x150.png 150w, https:\/\/lak.edu.lb\/wp-content\/uploads\/2026\/01\/utilisateurs-12x12.png 12w\" sizes=\"(max-width: 256px) 100vw, 256px\" \/><\/figure><div class=\"elementor-image-box-content\"><h3 class=\"elementor-image-box-title\">Mme Rim Jaroudi Mme Maya Nahas<\/h3><p class=\"elementor-image-box-description\">T\u00e9l : 01 365 429 ext 302 \nEmail : secretariat.secondaire@ lak. edu. lb\n<\/p><\/div><\/div>\t\t\t\t<\/div>\n\t\t\t\t<div class=\"elementor-element elementor-element-0d9f6f3 elementor-position-left elementor-vertical-align-middle elementor-widget elementor-widget-image-box\" data-id=\"0d9f6f3\" data-element_type=\"widget\" data-e-type=\"widget\" data-widget_type=\"image-box.default\">\n\t\t\t\t\t<div class=\"elementor-image-box-wrapper\"><figure class=\"elementor-image-box-img\"><a href=\"https:\/\/lak.edu.lb\/vie-a-lecole\/contacts\/\" tabindex=\"-1\"><img decoding=\"async\" width=\"256\" height=\"256\" src=\"https:\/\/lak.edu.lb\/wp-content\/uploads\/2026\/01\/carte.png\" class=\"elementor-animation-pulse attachment-full size-full wp-image-41\" alt=\"\" srcset=\"https:\/\/lak.edu.lb\/wp-content\/uploads\/2026\/01\/carte.png 256w, https:\/\/lak.edu.lb\/wp-content\/uploads\/2026\/01\/carte-150x150.png 150w, https:\/\/lak.edu.lb\/wp-content\/uploads\/2026\/01\/carte-12x12.png 12w\" sizes=\"(max-width: 256px) 100vw, 256px\" \/><\/a><\/figure><div class=\"elementor-image-box-content\"><h3 class=\"elementor-image-box-title\"><a href=\"https:\/\/lak.edu.lb\/vie-a-lecole\/contacts\/\">Nous contacter<\/a><\/h3><\/div><\/div>\t\t\t\t<\/div>\n\t\t\t\t<div class=\"elementor-element elementor-element-1c72cef elementor-position-left elementor-vertical-align-middle elementor-widget elementor-widget-image-box\" data-id=\"1c72cef\" data-element_type=\"widget\" data-e-type=\"widget\" data-widget_type=\"image-box.default\">\n\t\t\t\t\t<div class=\"elementor-image-box-wrapper\"><figure class=\"elementor-image-box-img\"><a href=\"https:\/\/lak.edu.lb\/communaute\/\" tabindex=\"-1\"><img decoding=\"async\" width=\"256\" height=\"256\" src=\"https:\/\/lak.edu.lb\/wp-content\/uploads\/2026\/01\/livre1.png\" class=\"elementor-animation-pulse attachment-full size-full wp-image-36\" alt=\"\" srcset=\"https:\/\/lak.edu.lb\/wp-content\/uploads\/2026\/01\/livre1.png 256w, https:\/\/lak.edu.lb\/wp-content\/uploads\/2026\/01\/livre1-150x150.png 150w, https:\/\/lak.edu.lb\/wp-content\/uploads\/2026\/01\/livre1-12x12.png 12w\" sizes=\"(max-width: 256px) 100vw, 256px\" \/><\/a><\/figure><div class=\"elementor-image-box-content\"><h3 class=\"elementor-image-box-title\"><a href=\"https:\/\/lak.edu.lb\/communaute\/\">Programmer iune visite<\/a><\/h3><\/div><\/div>\t\t\t\t<\/div>\n\t\t\t\t<\/div>\n\t\t\t\t<\/div>\n\t\t<div class=\"elementor-element elementor-element-a909495 e-con-full e-flex e-con e-child\" data-id=\"a909495\" data-element_type=\"container\" data-e-type=\"container\">\n\t\t<div class=\"elementor-element elementor-element-f3a30d6 e-con-full e-flex e-con e-child\" data-id=\"f3a30d6\" data-element_type=\"container\" data-e-type=\"container\">\n\t\t\t\t<div class=\"elementor-element elementor-element-aa5e081 elementor-widget elementor-widget-heading\" data-id=\"aa5e081\" data-element_type=\"widget\" data-e-type=\"widget\" data-widget_type=\"heading.default\">\n\t\t\t\t\t<h2 class=\"elementor-heading-title elementor-size-default\">Votre dossier d'inscription en ligne\n\n\n\n\n<\/h2>\t\t\t\t<\/div>\n\t\t\t\t<div class=\"elementor-element elementor-element-dc5d7a0 elementor-widget elementor-widget-text-editor\" data-id=\"dc5d7a0\" data-element_type=\"widget\" data-e-type=\"widget\" data-widget_type=\"text-editor.default\">\n\t\t\t\t\t\t\t\t\t<p>Nous avons simplifi\u00e9 nos d\u00e9marches pour vous offrir un gain de temps pr\u00e9cieux. La proc\u00e9dure d&rsquo;inscription s&rsquo;effectue enti\u00e8rement en ligne.<\/p>\t\t\t\t\t\t\t\t<\/div>\n\t\t\t\t<div class=\"elementor-element elementor-element-5b49830 elementor-widget elementor-widget-button\" data-id=\"5b49830\" data-element_type=\"widget\" data-e-type=\"widget\" data-widget_type=\"button.default\">\n\t\t\t\t\t\t\t\t\t\t<a class=\"elementor-button elementor-button-link elementor-size-sm\" href=\"https:\/\/docs.google.com\/forms\/d\/e\/1FAIpQLSdcm2wN-MzKrfSkMoWfQW3gj_hTM-cDaQNNb5UzMCqOKS-N7w\/viewform?usp=sharing&#038;ouid=116035748334079269798\" target=\"_blank\">\n\t\t\t\t\t\t<span class=\"elementor-button-content-wrapper\">\n\t\t\t\t\t\t<span class=\"elementor-button-icon\">\n\t\t\t\t<svg aria-hidden=\"true\" class=\"e-font-icon-svg e-fab-wpforms\" viewBox=\"0 0 448 512\" xmlns=\"http:\/\/www.w3.org\/2000\/svg\"><path d=\"M448 75.2v361.7c0 24.3-19 43.2-43.2 43.2H43.2C19.3 480 0 461.4 0 436.8V75.2C0 51.1 18.8 32 43.2 32h361.7c24 0 43.1 18.8 43.1 43.2zm-37.3 361.6V75.2c0-3-2.6-5.8-5.8-5.8h-9.3L285.3 144 224 94.1 162.8 144 52.5 69.3h-9.3c-3.2 0-5.8 2.8-5.8 5.8v361.7c0 3 2.6 5.8 5.8 5.8h361.7c3.2.1 5.8-2.7 5.8-5.8zM150.2 186v37H76.7v-37h73.5zm0 74.4v37.3H76.7v-37.3h73.5zm11.1-147.3l54-43.7H96.8l64.5 43.7zm210 72.9v37h-196v-37h196zm0 74.4v37.3h-196v-37.3h196zm-84.6-147.3l64.5-43.7H232.8l53.9 43.7zM371.3 335v37.3h-99.4V335h99.4z\"><\/path><\/svg>\t\t\t<\/span>\n\t\t\t\t\t\t\t\t\t<span class=\"elementor-button-text\">D\u00e9marrer la proc\u00e9dure d'inscription ici<\/span>\n\t\t\t\t\t<\/span>\n\t\t\t\t\t<\/a>\n\t\t\t\t\t\t\t\t<\/div>\n\t\t\t\t<div class=\"elementor-element elementor-element-7f545cf elementor-widget elementor-widget-heading\" data-id=\"7f545cf\" data-element_type=\"widget\" data-e-type=\"widget\" data-widget_type=\"heading.default\">\n\t\t\t\t\t<h3 class=\"elementor-heading-title elementor-size-default\">Les \u00e9tapes de l'admission\n\n\n\n\n\n<\/h3>\t\t\t\t<\/div>\n\t\t<div class=\"elementor-element elementor-element-9c70cbf e-con-full e-flex e-con e-child\" data-id=\"9c70cbf\" data-element_type=\"container\" data-e-type=\"container\">\n\t\t<div class=\"elementor-element elementor-element-1bd7a97 e-con-full e-flex e-con e-child\" data-id=\"1bd7a97\" data-element_type=\"container\" data-e-type=\"container\">\n\t\t\t\t<div class=\"elementor-element elementor-element-d8ab67e elementor-widget__width-initial elementor-widget elementor-widget-image\" data-id=\"d8ab67e\" data-element_type=\"widget\" data-e-type=\"widget\" data-widget_type=\"image.default\">\n\t\t\t\t\t\t\t\t\t\t\t\t\t\t\t<img loading=\"lazy\" decoding=\"async\" width=\"256\" height=\"256\" src=\"https:\/\/lak.edu.lb\/wp-content\/uploads\/2026\/02\/france1.png\" class=\"attachment-large size-large wp-image-848\" alt=\"\" srcset=\"https:\/\/lak.edu.lb\/wp-content\/uploads\/2026\/02\/france1.png 256w, https:\/\/lak.edu.lb\/wp-content\/uploads\/2026\/02\/france1-150x150.png 150w, https:\/\/lak.edu.lb\/wp-content\/uploads\/2026\/02\/france1-12x12.png 12w\" sizes=\"(max-width: 256px) 100vw, 256px\" \/>\t\t\t\t\t\t\t\t\t\t\t\t\t\t\t<\/div>\n\t\t\t\t<div class=\"elementor-element elementor-element-5651578 elementor-widget elementor-widget-button\" data-id=\"5651578\" data-element_type=\"widget\" data-e-type=\"widget\" data-widget_type=\"button.default\">\n\t\t\t\t\t\t\t\t\t\t<a class=\"elementor-button elementor-button-link elementor-size-sm\" href=\"https:\/\/drive.google.com\/file\/d\/1dFYl1c-zQiRxpar2rF7ecReYfThcXWT1\/view?usp=drive_link\" target=\"_blank\">\n\t\t\t\t\t\t<span class=\"elementor-button-content-wrapper\">\n\t\t\t\t\t\t<span class=\"elementor-button-icon\">\n\t\t\t\t<svg aria-hidden=\"true\" class=\"e-font-icon-svg e-far-file-pdf\" viewBox=\"0 0 384 512\" xmlns=\"http:\/\/www.w3.org\/2000\/svg\"><path d=\"M369.9 97.9L286 14C277 5 264.8-.1 252.1-.1H48C21.5 0 0 21.5 0 48v416c0 26.5 21.5 48 48 48h288c26.5 0 48-21.5 48-48V131.9c0-12.7-5.1-25-14.1-34zM332.1 128H256V51.9l76.1 76.1zM48 464V48h160v104c0 13.3 10.7 24 24 24h104v288H48zm250.2-143.7c-12.2-12-47-8.7-64.4-6.5-17.2-10.5-28.7-25-36.8-46.3 3.9-16.1 10.1-40.6 5.4-56-4.2-26.2-37.8-23.6-42.6-5.9-4.4 16.1-.4 38.5 7 67.1-10 23.9-24.9 56-35.4 74.4-20 10.3-47 26.2-51 46.2-3.3 15.8 26 55.2 76.1-31.2 22.4-7.4 46.8-16.5 68.4-20.1 18.9 10.2 41 17 55.8 17 25.5 0 28-28.2 17.5-38.7zm-198.1 77.8c5.1-13.7 24.5-29.5 30.4-35-19 30.3-30.4 35.7-30.4 35zm81.6-190.6c7.4 0 6.7 32.1 1.8 40.8-4.4-13.9-4.3-40.8-1.8-40.8zm-24.4 136.6c9.7-16.9 18-37 24.7-54.7 8.3 15.1 18.9 27.2 30.1 35.5-20.8 4.3-38.9 13.1-54.8 19.2zm131.6-5s-5 6-37.3-7.8c35.1-2.6 40.9 5.4 37.3 7.8z\"><\/path><\/svg>\t\t\t<\/span>\n\t\t\t\t\t\t\t\t\t<span class=\"elementor-button-text\">En Francais<\/span>\n\t\t\t\t\t<\/span>\n\t\t\t\t\t<\/a>\n\t\t\t\t\t\t\t\t<\/div>\n\t\t\t\t<\/div>\n\t\t<div class=\"elementor-element elementor-element-580f699 e-con-full e-flex e-con e-child\" data-id=\"580f699\" data-element_type=\"container\" data-e-type=\"container\">\n\t\t\t\t<div class=\"elementor-element elementor-element-933e0c7 elementor-widget__width-initial elementor-widget elementor-widget-image\" data-id=\"933e0c7\" data-element_type=\"widget\" data-e-type=\"widget\" data-widget_type=\"image.default\">\n\t\t\t\t\t\t\t\t\t\t\t\t\t\t\t<img loading=\"lazy\" decoding=\"async\" width=\"256\" height=\"256\" src=\"https:\/\/lak.edu.lb\/wp-content\/uploads\/2026\/02\/united-kingdom.png\" class=\"attachment-large size-large wp-image-846\" alt=\"\" srcset=\"https:\/\/lak.edu.lb\/wp-content\/uploads\/2026\/02\/united-kingdom.png 256w, https:\/\/lak.edu.lb\/wp-content\/uploads\/2026\/02\/united-kingdom-150x150.png 150w, https:\/\/lak.edu.lb\/wp-content\/uploads\/2026\/02\/united-kingdom-12x12.png 12w\" sizes=\"(max-width: 256px) 100vw, 256px\" \/>\t\t\t\t\t\t\t\t\t\t\t\t\t\t\t<\/div>\n\t\t\t\t<div class=\"elementor-element elementor-element-8df197e elementor-widget elementor-widget-button\" data-id=\"8df197e\" data-element_type=\"widget\" data-e-type=\"widget\" data-widget_type=\"button.default\">\n\t\t\t\t\t\t\t\t\t\t<a class=\"elementor-button elementor-button-link elementor-size-sm\" href=\"https:\/\/drive.google.com\/file\/d\/1LuMvP0Y0OUNBEFXboQRNyKXxfEXC9ojS\/view?usp=drive_link\" target=\"_blank\">\n\t\t\t\t\t\t<span class=\"elementor-button-content-wrapper\">\n\t\t\t\t\t\t<span class=\"elementor-button-icon\">\n\t\t\t\t<svg aria-hidden=\"true\" class=\"e-font-icon-svg e-far-file-pdf\" viewBox=\"0 0 384 512\" xmlns=\"http:\/\/www.w3.org\/2000\/svg\"><path d=\"M369.9 97.9L286 14C277 5 264.8-.1 252.1-.1H48C21.5 0 0 21.5 0 48v416c0 26.5 21.5 48 48 48h288c26.5 0 48-21.5 48-48V131.9c0-12.7-5.1-25-14.1-34zM332.1 128H256V51.9l76.1 76.1zM48 464V48h160v104c0 13.3 10.7 24 24 24h104v288H48zm250.2-143.7c-12.2-12-47-8.7-64.4-6.5-17.2-10.5-28.7-25-36.8-46.3 3.9-16.1 10.1-40.6 5.4-56-4.2-26.2-37.8-23.6-42.6-5.9-4.4 16.1-.4 38.5 7 67.1-10 23.9-24.9 56-35.4 74.4-20 10.3-47 26.2-51 46.2-3.3 15.8 26 55.2 76.1-31.2 22.4-7.4 46.8-16.5 68.4-20.1 18.9 10.2 41 17 55.8 17 25.5 0 28-28.2 17.5-38.7zm-198.1 77.8c5.1-13.7 24.5-29.5 30.4-35-19 30.3-30.4 35.7-30.4 35zm81.6-190.6c7.4 0 6.7 32.1 1.8 40.8-4.4-13.9-4.3-40.8-1.8-40.8zm-24.4 136.6c9.7-16.9 18-37 24.7-54.7 8.3 15.1 18.9 27.2 30.1 35.5-20.8 4.3-38.9 13.1-54.8 19.2zm131.6-5s-5 6-37.3-7.8c35.1-2.6 40.9 5.4 37.3 7.8z\"><\/path><\/svg>\t\t\t<\/span>\n\t\t\t\t\t\t\t\t\t<span class=\"elementor-button-text\">En Anglais<\/span>\n\t\t\t\t\t<\/span>\n\t\t\t\t\t<\/a>\n\t\t\t\t\t\t\t\t<\/div>\n\t\t\t\t<\/div>\n\t\t<div class=\"elementor-element elementor-element-f00e95e e-con-full e-flex e-con e-child\" data-id=\"f00e95e\" data-element_type=\"container\" data-e-type=\"container\">\n\t\t\t\t<div class=\"elementor-element elementor-element-1ca08d6 elementor-widget__width-initial elementor-widget elementor-widget-image\" data-id=\"1ca08d6\" data-element_type=\"widget\" data-e-type=\"widget\" data-widget_type=\"image.default\">\n\t\t\t\t\t\t\t\t\t\t\t\t\t\t\t<img loading=\"lazy\" decoding=\"async\" width=\"225\" height=\"225\" src=\"https:\/\/lak.edu.lb\/wp-content\/uploads\/2026\/02\/Untitled-design-18.png\" class=\"attachment-large size-large wp-image-845\" alt=\"\" srcset=\"https:\/\/lak.edu.lb\/wp-content\/uploads\/2026\/02\/Untitled-design-18.png 225w, https:\/\/lak.edu.lb\/wp-content\/uploads\/2026\/02\/Untitled-design-18-150x150.png 150w, https:\/\/lak.edu.lb\/wp-content\/uploads\/2026\/02\/Untitled-design-18-12x12.png 12w\" sizes=\"(max-width: 225px) 100vw, 225px\" \/>\t\t\t\t\t\t\t\t\t\t\t\t\t\t\t<\/div>\n\t\t\t\t<div class=\"elementor-element elementor-element-3f61773 elementor-widget elementor-widget-button\" data-id=\"3f61773\" data-element_type=\"widget\" data-e-type=\"widget\" data-widget_type=\"button.default\">\n\t\t\t\t\t\t\t\t\t\t<a class=\"elementor-button elementor-button-link elementor-size-sm\" href=\"https:\/\/drive.google.com\/file\/d\/1-3PP7y71krdPFBrrPvhBwyQM_tLmygjY\/view?usp=drive_link\" target=\"_blank\">\n\t\t\t\t\t\t<span class=\"elementor-button-content-wrapper\">\n\t\t\t\t\t\t<span class=\"elementor-button-icon\">\n\t\t\t\t<svg aria-hidden=\"true\" class=\"e-font-icon-svg e-far-file-pdf\" viewBox=\"0 0 384 512\" xmlns=\"http:\/\/www.w3.org\/2000\/svg\"><path d=\"M369.9 97.9L286 14C277 5 264.8-.1 252.1-.1H48C21.5 0 0 21.5 0 48v416c0 26.5 21.5 48 48 48h288c26.5 0 48-21.5 48-48V131.9c0-12.7-5.1-25-14.1-34zM332.1 128H256V51.9l76.1 76.1zM48 464V48h160v104c0 13.3 10.7 24 24 24h104v288H48zm250.2-143.7c-12.2-12-47-8.7-64.4-6.5-17.2-10.5-28.7-25-36.8-46.3 3.9-16.1 10.1-40.6 5.4-56-4.2-26.2-37.8-23.6-42.6-5.9-4.4 16.1-.4 38.5 7 67.1-10 23.9-24.9 56-35.4 74.4-20 10.3-47 26.2-51 46.2-3.3 15.8 26 55.2 76.1-31.2 22.4-7.4 46.8-16.5 68.4-20.1 18.9 10.2 41 17 55.8 17 25.5 0 28-28.2 17.5-38.7zm-198.1 77.8c5.1-13.7 24.5-29.5 30.4-35-19 30.3-30.4 35.7-30.4 35zm81.6-190.6c7.4 0 6.7 32.1 1.8 40.8-4.4-13.9-4.3-40.8-1.8-40.8zm-24.4 136.6c9.7-16.9 18-37 24.7-54.7 8.3 15.1 18.9 27.2 30.1 35.5-20.8 4.3-38.9 13.1-54.8 19.2zm131.6-5s-5 6-37.3-7.8c35.1-2.6 40.9 5.4 37.3 7.8z\"><\/path><\/svg>\t\t\t<\/span>\n\t\t\t\t\t\t\t\t\t<span class=\"elementor-button-text\">En arabe<\/span>\n\t\t\t\t\t<\/span>\n\t\t\t\t\t<\/a>\n\t\t\t\t\t\t\t\t<\/div>\n\t\t\t\t<\/div>\n\t\t\t\t<\/div>\n\t\t<div class=\"elementor-element elementor-element-6b55071 e-con-full e-flex e-con e-child\" data-id=\"6b55071\" data-element_type=\"container\" data-e-type=\"container\">\n\t\t<div class=\"elementor-element elementor-element-0573e27 e-con-full e-flex e-con e-child\" data-id=\"0573e27\" data-element_type=\"container\" data-e-type=\"container\">\n\t\t<div class=\"elementor-element elementor-element-eea3cf3 e-con-full e-flex e-con e-child\" data-id=\"eea3cf3\" data-element_type=\"container\" data-e-type=\"container\">\n\t\t\t\t<div class=\"elementor-element elementor-element-adf0940 elementor-widget elementor-widget-image\" data-id=\"adf0940\" data-element_type=\"widget\" data-e-type=\"widget\" data-widget_type=\"image.default\">\n\t\t\t\t\t\t\t\t\t\t\t\t\t\t\t<img loading=\"lazy\" decoding=\"async\" width=\"256\" height=\"256\" src=\"https:\/\/lak.edu.lb\/wp-content\/uploads\/2026\/02\/one.png\" class=\"attachment-large size-large wp-image-644\" alt=\"\" srcset=\"https:\/\/lak.edu.lb\/wp-content\/uploads\/2026\/02\/one.png 256w, https:\/\/lak.edu.lb\/wp-content\/uploads\/2026\/02\/one-150x150.png 150w, https:\/\/lak.edu.lb\/wp-content\/uploads\/2026\/02\/one-12x12.png 12w\" sizes=\"(max-width: 256px) 100vw, 256px\" \/>\t\t\t\t\t\t\t\t\t\t\t\t\t\t\t<\/div>\n\t\t\t\t<div class=\"elementor-element elementor-element-64efcb8 elementor-widget elementor-widget-heading\" data-id=\"64efcb8\" data-element_type=\"widget\" data-e-type=\"widget\" data-widget_type=\"heading.default\">\n\t\t\t\t\t<h3 class=\"elementor-heading-title elementor-size-default\">Cr\u00e9ation du compte <\/h3>\t\t\t\t<\/div>\n\t\t\t\t<div class=\"elementor-element elementor-element-5b5b5aa elementor-widget elementor-widget-text-editor\" data-id=\"5b5b5aa\" data-element_type=\"widget\" data-e-type=\"widget\" data-widget_type=\"text-editor.default\">\n\t\t\t\t\t\t\t\t\t<p>Remplissez le formulaire en ligne sur notre plateforme.<\/p>\t\t\t\t\t\t\t\t<\/div>\n\t\t\t\t<\/div>\n\t\t<div class=\"elementor-element elementor-element-f1d76d8 e-con-full e-flex e-con e-child\" data-id=\"f1d76d8\" data-element_type=\"container\" data-e-type=\"container\">\n\t\t\t\t<div class=\"elementor-element elementor-element-fdad845 elementor-widget elementor-widget-image\" data-id=\"fdad845\" data-element_type=\"widget\" data-e-type=\"widget\" data-widget_type=\"image.default\">\n\t\t\t\t\t\t\t\t\t\t\t\t\t\t\t<img loading=\"lazy\" decoding=\"async\" width=\"256\" height=\"256\" src=\"https:\/\/lak.edu.lb\/wp-content\/uploads\/2026\/02\/two.png\" class=\"attachment-large size-large wp-image-642\" alt=\"\" srcset=\"https:\/\/lak.edu.lb\/wp-content\/uploads\/2026\/02\/two.png 256w, https:\/\/lak.edu.lb\/wp-content\/uploads\/2026\/02\/two-150x150.png 150w, https:\/\/lak.edu.lb\/wp-content\/uploads\/2026\/02\/two-12x12.png 12w\" sizes=\"(max-width: 256px) 100vw, 256px\" \/>\t\t\t\t\t\t\t\t\t\t\t\t\t\t\t<\/div>\n\t\t\t\t<div class=\"elementor-element elementor-element-55656a1 elementor-widget elementor-widget-heading\" data-id=\"55656a1\" data-element_type=\"widget\" data-e-type=\"widget\" data-widget_type=\"heading.default\">\n\t\t\t\t\t<h3 class=\"elementor-heading-title elementor-size-default\">Rencontre\n<\/h3>\t\t\t\t<\/div>\n\t\t\t\t<div class=\"elementor-element elementor-element-56ff854 elementor-widget elementor-widget-text-editor\" data-id=\"56ff854\" data-element_type=\"widget\" data-e-type=\"widget\" data-widget_type=\"text-editor.default\">\n\t\t\t\t\t\t\t\t\t<p>Participez \u00e0 un entretien individuel avec la direction.<\/p>\t\t\t\t\t\t\t\t<\/div>\n\t\t\t\t<\/div>\n\t\t<div class=\"elementor-element elementor-element-101c8e2 e-con-full e-flex e-con e-child\" data-id=\"101c8e2\" data-element_type=\"container\" data-e-type=\"container\">\n\t\t\t\t<div class=\"elementor-element elementor-element-171e23b elementor-widget elementor-widget-image\" data-id=\"171e23b\" data-element_type=\"widget\" data-e-type=\"widget\" data-widget_type=\"image.default\">\n\t\t\t\t\t\t\t\t\t\t\t\t\t\t\t<img loading=\"lazy\" decoding=\"async\" width=\"256\" height=\"256\" src=\"https:\/\/lak.edu.lb\/wp-content\/uploads\/2026\/02\/three.png\" class=\"attachment-large size-large wp-image-643\" alt=\"\" srcset=\"https:\/\/lak.edu.lb\/wp-content\/uploads\/2026\/02\/three.png 256w, https:\/\/lak.edu.lb\/wp-content\/uploads\/2026\/02\/three-150x150.png 150w, https:\/\/lak.edu.lb\/wp-content\/uploads\/2026\/02\/three-12x12.png 12w\" sizes=\"(max-width: 256px) 100vw, 256px\" \/>\t\t\t\t\t\t\t\t\t\t\t\t\t\t\t<\/div>\n\t\t\t\t<div class=\"elementor-element elementor-element-ba4b347 elementor-widget elementor-widget-heading\" data-id=\"ba4b347\" data-element_type=\"widget\" data-e-type=\"widget\" data-widget_type=\"heading.default\">\n\t\t\t\t\t<h3 class=\"elementor-heading-title elementor-size-default\">Confirmation\n<\/h3>\t\t\t\t<\/div>\n\t\t\t\t<div class=\"elementor-element elementor-element-b652872 elementor-widget elementor-widget-text-editor\" data-id=\"b652872\" data-element_type=\"widget\" data-e-type=\"widget\" data-widget_type=\"text-editor.default\">\n\t\t\t\t\t\t\t\t\t<p>Recevez la r\u00e9ponse d\u00e9finitive par email<\/p>\t\t\t\t\t\t\t\t<\/div>\n\t\t\t\t<\/div>\n\t\t\t\t<\/div>\n\t\t\t\t<\/div>\n\t\t\t\t<\/div>\n\t\t\t\t<div class=\"elementor-element elementor-element-d1e4b34 elementor-widget elementor-widget-text-editor\" data-id=\"d1e4b34\" data-element_type=\"widget\" data-e-type=\"widget\" data-widget_type=\"text-editor.default\">\n\t\t\t\t\t\t\t\t\t<p>Nous avons simplifi\u00e9 nos d\u00e9marches pour vous offrir un gain de temps pr\u00e9cieux. La proc\u00e9dure d&rsquo;inscription s&rsquo;effectue enti\u00e8rement en ligne.<\/p>\t\t\t\t\t\t\t\t<\/div>\n\t\t\t\t<\/div>\n\t\t\t\t\t<\/div>\n\t\t\t\t<\/div>\n\t\t<div class=\"elementor-element elementor-element-46867de e-flex e-con-boxed e-con e-parent\" data-id=\"46867de\" data-element_type=\"container\" data-e-type=\"container\">\n\t\t\t\t\t<div class=\"e-con-inner\">\n\t\t\t\t\t<\/div>\n\t\t\t\t<\/div>\n\t\t\t\t<\/div>\n\t\t","protected":false},"excerpt":{"rendered":"<p>Besoin d&rsquo;aide pour l&rsquo;inscription ? Mme Maya Nahas Tel : 01 365 429 ext 20 Email : secretariat.primaire@ lak. edu. lb Mme Rim Jaroudi Mme Maya Nahas T\u00e9l : 01 365 429 ext 302 Email : secretariat.secondaire@ lak. edu. lb Nous contacter Programmer iune visite Votre dossier d&rsquo;inscription en ligne Nous avons simplifi\u00e9 nos d\u00e9marches [&hellip;]<\/p>\n","protected":false},"author":1,"featured_media":0,"parent":136,"menu_order":0,"comment_status":"closed","ping_status":"closed","template":"elementor_header_footer","meta":{"_acf_changed":false,"footnotes":""},"class_list":["post-140","page","type-page","status-publish","hentry"],"acf":[],"_links":{"self":[{"href":"https:\/\/lak.edu.lb\/en\/wp-json\/wp\/v2\/pages\/140","targetHints":{"allow":["GET"]}}],"collection":[{"href":"https:\/\/lak.edu.lb\/en\/wp-json\/wp\/v2\/pages"}],"about":[{"href":"https:\/\/lak.edu.lb\/en\/wp-json\/wp\/v2\/types\/page"}],"author":[{"embeddable":true,"href":"https:\/\/lak.edu.lb\/en\/wp-json\/wp\/v2\/users\/1"}],"replies":[{"embeddable":true,"href":"https:\/\/lak.edu.lb\/en\/wp-json\/wp\/v2\/comments?post=140"}],"version-history":[{"count":17,"href":"https:\/\/lak.edu.lb\/en\/wp-json\/wp\/v2\/pages\/140\/revisions"}],"predecessor-version":[{"id":851,"href":"https:\/\/lak.edu.lb\/en\/wp-json\/wp\/v2\/pages\/140\/revisions\/851"}],"up":[{"embeddable":true,"href":"https:\/\/lak.edu.lb\/en\/wp-json\/wp\/v2\/pages\/136"}],"wp:attachment":[{"href":"https:\/\/lak.edu.lb\/en\/wp-json\/wp\/v2\/media?parent=140"}],"curies":[{"name":"wp","href":"https:\/\/api.w.org\/{rel}","templated":true}]}}