{"id":683,"date":"2026-02-26T09:24:16","date_gmt":"2026-02-26T09:24:16","guid":{"rendered":"https:\/\/lak.im-nomade.com\/?page_id=683"},"modified":"2026-02-26T10:58:40","modified_gmt":"2026-02-26T10:58:40","slug":"notre-adn","status":"publish","type":"page","link":"https:\/\/lak.edu.lb\/en\/notre-adn\/","title":{"rendered":"Notre ADN"},"content":{"rendered":"<div data-elementor-type=\"wp-page\" data-elementor-id=\"683\" class=\"elementor elementor-683\" data-elementor-post-type=\"page\">\n\t\t\t\t<div class=\"elementor-element elementor-element-bd52849 e-flex e-con-boxed e-con e-parent\" data-id=\"bd52849\" data-element_type=\"container\" data-e-type=\"container\">\n\t\t\t\t\t<div class=\"e-con-inner\">\n\t\t\t\t<div class=\"elementor-element elementor-element-8643886 elementor-widget elementor-widget-heading\" data-id=\"8643886\" data-element_type=\"widget\" data-e-type=\"widget\" data-widget_type=\"heading.default\">\n\t\t\t\t\t<h2 class=\"elementor-heading-title elementor-size-default\">5 piliers qui guident notre action\n\n\n\n<\/h2>\t\t\t\t<\/div>\n\t\t\t\t<div class=\"elementor-element elementor-element-57bcc8e elementor-widget elementor-widget-text-editor\" data-id=\"57bcc8e\" data-element_type=\"widget\" data-e-type=\"widget\" data-widget_type=\"text-editor.default\">\n\t\t\t\t\t\t\t\t\t<p>Ces priorit\u00e9s ne sont pas seulement des mots : elles structurent chaque journ\u00e9e de nos \u00e9l\u00e8ves et d\u00e9finissent notre vision de l&rsquo;\u00e9ducation.<\/p>\t\t\t\t\t\t\t\t<\/div>\n\t\t\t\t<div class=\"elementor-element elementor-element-be19637 elementor-widget elementor-widget-heading\" data-id=\"be19637\" data-element_type=\"widget\" data-e-type=\"widget\" data-widget_type=\"heading.default\">\n\t\t\t\t\t<h2 class=\"elementor-heading-title elementor-size-default\">Ce que nous visons pour nos \u00e9l\u00e8ves\n\n\n\n\n<\/h2>\t\t\t\t<\/div>\n\t\t\t\t<div class=\"elementor-element elementor-element-e0751d2 elementor-widget elementor-widget-text-editor\" data-id=\"e0751d2\" data-element_type=\"widget\" data-e-type=\"widget\" data-widget_type=\"text-editor.default\">\n\t\t\t\t\t\t\t\t\t<ul><li aria-level=\"1\"><b>La recherche de l&rsquo;excellence :<\/b> Nous visons le plus haut niveau acad\u00e9mique en cultivant le go\u00fbt de l&rsquo;effort et la rigueur intellectuelle.<\/li><li aria-level=\"1\"><b>Le plurilinguisme concret :<\/b> Nous pr\u00e9parons nos \u00e9l\u00e8ves \u00e0 un monde sans fronti\u00e8res gr\u00e2ce \u00e0 une pratique intensive des langues \u00e9trang\u00e8res d\u00e8s le plus jeune \u00e2ge.<\/li><li aria-level=\"1\"><b>L\u2019engagement citoyen :<\/b> Nous formons des jeunes responsables, conscients de leur r\u00f4le dans la soci\u00e9t\u00e9 et tourn\u00e9s vers les autres.<\/li><li aria-level=\"1\"><b>L\u2019engagement sportif :<\/b> Nous utilisons le sport pour transmettre la discipline, la sant\u00e9 et le d\u00e9passement de soi.<\/li><li aria-level=\"1\"><b>Le bien-\u00eatre et le d\u00e9veloppement personnel :<\/b> Nous pla\u00e7ons l&rsquo;\u00e9panouissement au centre de l&rsquo;apprentissage pour construire une confiance en soi durable.<\/li><\/ul><p>D\u00e9couvrez l&rsquo;exp\u00e9rience de nos \u00e9l\u00e8ves et rejoignez notre communaut\u00e9.<\/p>\t\t\t\t\t\t\t\t<\/div>\n\t\t\t\t\t<\/div>\n\t\t\t\t<\/div>\n\t\t<div class=\"elementor-element elementor-element-a3017e7 e-flex e-con-boxed e-con e-parent\" data-id=\"a3017e7\" data-element_type=\"container\" data-e-type=\"container\">\n\t\t\t\t\t<div class=\"e-con-inner\">\n\t\t\t\t<div class=\"elementor-element elementor-element-f2a8e82 elementor-widget elementor-widget-button\" data-id=\"f2a8e82\" data-element_type=\"widget\" data-e-type=\"widget\" data-widget_type=\"button.default\">\n\t\t\t\t\t\t\t\t\t\t<a class=\"elementor-button elementor-button-link elementor-size-sm\" href=\"https:\/\/lak.edu.lb\/en\/learning-path\/\" target=\"_blank\">\n\t\t\t\t\t\t<span class=\"elementor-button-content-wrapper\">\n\t\t\t\t\t\t<span class=\"elementor-button-icon\">\n\t\t\t\t<svg aria-hidden=\"true\" class=\"e-font-icon-svg e-fas-arrow-alt-circle-right\" viewbox=\"0 0 512 512\" xmlns=\"http:\/\/www.w3.org\/2000\/svg\"><path d=\"M256 8c137 0 248 111 248 248S393 504 256 504 8 393 8 256 119 8 256 8zM140 300h116v70.9c0 10.7 13 16.1 20.5 8.5l114.3-114.9c4.7-4.7 4.7-12.2 0-16.9l-114.3-115c-7.6-7.6-20.5-2.2-20.5 8.5V212H140c-6.6 0-12 5.4-12 12v64c0 6.6 5.4 12 12 12z\"><\/path><\/svg>\t\t\t<\/span>\n\t\t\t\t\t\t\t\t\t<span class=\"elementor-button-text\">D\u00e9couvrir notre projet p\u00e9dagogique<\/span>\n\t\t\t\t\t<\/span>\n\t\t\t\t\t<\/a>\n\t\t\t\t\t\t\t\t<\/div>\n\t\t\t\t\t<\/div>\n\t\t\t\t<\/div>\n\t\t\t\t<\/div>","protected":false},"excerpt":{"rendered":"<p>5 piliers qui guident notre action Ces priorit\u00e9s ne sont pas seulement des mots : elles structurent chaque journ\u00e9e de nos \u00e9l\u00e8ves et d\u00e9finissent notre vision de l&rsquo;\u00e9ducation. Ce que nous visons pour nos \u00e9l\u00e8ves La recherche de l&rsquo;excellence : Nous visons le plus haut niveau acad\u00e9mique en cultivant le go\u00fbt de l&rsquo;effort et la [&hellip;]<\/p>\n","protected":false},"author":1,"featured_media":0,"parent":0,"menu_order":0,"comment_status":"closed","ping_status":"closed","template":"","meta":{"_acf_changed":false,"footnotes":""},"class_list":["post-683","page","type-page","status-publish","hentry"],"acf":[],"_links":{"self":[{"href":"https:\/\/lak.edu.lb\/en\/wp-json\/wp\/v2\/pages\/683","targetHints":{"allow":["GET"]}}],"collection":[{"href":"https:\/\/lak.edu.lb\/en\/wp-json\/wp\/v2\/pages"}],"about":[{"href":"https:\/\/lak.edu.lb\/en\/wp-json\/wp\/v2\/types\/page"}],"author":[{"embeddable":true,"href":"https:\/\/lak.edu.lb\/en\/wp-json\/wp\/v2\/users\/1"}],"replies":[{"embeddable":true,"href":"https:\/\/lak.edu.lb\/en\/wp-json\/wp\/v2\/comments?post=683"}],"version-history":[{"count":5,"href":"https:\/\/lak.edu.lb\/en\/wp-json\/wp\/v2\/pages\/683\/revisions"}],"predecessor-version":[{"id":689,"href":"https:\/\/lak.edu.lb\/en\/wp-json\/wp\/v2\/pages\/683\/revisions\/689"}],"wp:attachment":[{"href":"https:\/\/lak.edu.lb\/en\/wp-json\/wp\/v2\/media?parent=683"}],"curies":[{"name":"wp","href":"https:\/\/api.w.org\/{rel}","templated":true}]}}