{"id":91,"date":"2026-01-26T17:06:55","date_gmt":"2026-01-26T17:06:55","guid":{"rendered":"https:\/\/lak.im-nomade.com\/?page_id=91"},"modified":"2026-02-23T14:36:59","modified_gmt":"2026-02-23T14:36:59","slug":"lhistoire-valeurs","status":"publish","type":"page","link":"https:\/\/lak.edu.lb\/en\/letablissement\/lhistoire-valeurs\/","title":{"rendered":"L&rsquo;histoire &amp; valeurs"},"content":{"rendered":"<div data-elementor-type=\"wp-page\" data-elementor-id=\"91\" class=\"elementor elementor-91\" data-elementor-post-type=\"page\">\n\t\t\t\t<div class=\"elementor-element elementor-element-6d340f3 e-flex e-con-boxed e-con e-parent\" data-id=\"6d340f3\" data-element_type=\"container\" data-e-type=\"container\">\n\t\t\t\t\t<div class=\"e-con-inner\">\n\t\t\t\t<div class=\"elementor-element elementor-element-07d0421 elementor-widget elementor-widget-heading\" data-id=\"07d0421\" data-element_type=\"widget\" data-e-type=\"widget\" data-widget_type=\"heading.default\">\n\t\t\t\t\t<h2 class=\"elementor-heading-title elementor-size-default\">Un h\u00e9ritage historique unique au Liban\n\n<\/h2>\t\t\t\t<\/div>\n\t\t\t\t<div class=\"elementor-element elementor-element-de83c4e elementor-widget elementor-widget-text-editor\" data-id=\"de83c4e\" data-element_type=\"widget\" data-e-type=\"widget\" data-widget_type=\"text-editor.default\">\n\t\t\t\t\t\t\t\t\t<p>Fond\u00e9 en 1909 par la Mission la\u00efque fran\u00e7aise (MLF), le Lyc\u00e9e Abdel Kader est un pilier de l&rsquo;\u00e9ducation \u00e0 Beyrouth. Pionnier de l&rsquo;enseignement la\u00efque, l&rsquo;\u00e9tablissement a travers\u00e9 l&rsquo;histoire avec r\u00e9silience. En 1985, l&rsquo;engagement de la Fondation Rafic Hariri a scell\u00e9 l&rsquo;avenir de notre \u00e9cole, garantissant la continuit\u00e9 de notre mission \u00e9ducative.<\/p>\t\t\t\t\t\t\t\t<\/div>\n\t\t\t\t\t<\/div>\n\t\t\t\t<\/div>\n\t\t<div class=\"elementor-element elementor-element-7a34cfd e-flex e-con-boxed e-con e-parent\" data-id=\"7a34cfd\" data-element_type=\"container\" data-e-type=\"container\">\n\t\t\t\t\t<div class=\"e-con-inner\">\n\t\t\t\t<div class=\"elementor-element elementor-element-92f6dfe elementor-widget elementor-widget-heading\" data-id=\"92f6dfe\" data-element_type=\"widget\" data-e-type=\"widget\" data-widget_type=\"heading.default\">\n\t\t\t\t\t<h2 class=\"elementor-heading-title elementor-size-default\">Un nouveau chapitre : Modernit\u00e9 et S\u00e9curit\u00e9\n\n<\/h2>\t\t\t\t<\/div>\n\t\t\t\t<div class=\"elementor-element elementor-element-0c67643 elementor-widget elementor-widget-text-editor\" data-id=\"0c67643\" data-element_type=\"widget\" data-e-type=\"widget\" data-widget_type=\"text-editor.default\">\n\t\t\t\t\t\t\t\t\t<p>En 2019, le lyc\u00e9e a franchi une \u00e9tape historique en s&rsquo;installant \u00e0 deux pas de son site d&rsquo;origine. Ce d\u00e9m\u00e9nagement a transform\u00e9 les d\u00e9fis r\u00e9cents en une opportunit\u00e9 de renouveau total. Aujourd&rsquo;hui, nous accueillons vos enfants dans un \u00e9tablissement modernis\u00e9, s\u00e9curis\u00e9 et enti\u00e8rement pens\u00e9 pour leur \u00e9panouissement.<\/p>\t\t\t\t\t\t\t\t<\/div>\n\t\t\t\t\t<\/div>\n\t\t\t\t<\/div>\n\t\t<div class=\"elementor-element elementor-element-2811bf5 e-flex e-con-boxed e-con e-parent\" data-id=\"2811bf5\" data-element_type=\"container\" data-e-type=\"container\" data-settings=\"{&quot;background_background&quot;:&quot;classic&quot;}\">\n\t\t\t\t\t<div class=\"e-con-inner\">\n\t\t\t\t<div class=\"elementor-element elementor-element-04a7d02 elementor-widget elementor-widget-spacer\" data-id=\"04a7d02\" data-element_type=\"widget\" data-e-type=\"widget\" data-widget_type=\"spacer.default\">\n\t\t\t\t\t\t\t<div class=\"elementor-spacer\">\n\t\t\t<div class=\"elementor-spacer-inner\"><\/div>\n\t\t<\/div>\n\t\t\t\t\t\t<\/div>\n\t\t\t\t\t<\/div>\n\t\t\t\t<\/div>\n\t\t<div class=\"elementor-element elementor-element-b5ba74d e-flex e-con-boxed e-con e-parent\" data-id=\"b5ba74d\" data-element_type=\"container\" data-e-type=\"container\">\n\t\t\t\t\t<div class=\"e-con-inner\">\n\t\t\t\t<div class=\"elementor-element elementor-element-b4cfa48 elementor-widget elementor-widget-heading\" data-id=\"b4cfa48\" data-element_type=\"widget\" data-e-type=\"widget\" data-widget_type=\"heading.default\">\n\t\t\t\t\t<h2 class=\"elementor-heading-title elementor-size-default\">Pourquoi choisir le Lyc\u00e9e Abdel Kader ?\n\n\n<\/h2>\t\t\t\t<\/div>\n\t\t\t\t<div class=\"elementor-element elementor-element-9118048 elementor-widget elementor-widget-text-editor\" data-id=\"9118048\" data-element_type=\"widget\" data-e-type=\"widget\" data-widget_type=\"text-editor.default\">\n\t\t\t\t\t\t\t\t\t<p>Notre succ\u00e8s repose sur une collaboration unique entre la Fondation Hariri, la MLF et l\u2019AEFE. Choisir le LAK, c&rsquo;est offrir \u00e0 votre enfant :<\/p>\t\t\t\t\t\t\t\t<\/div>\n\t\t\t\t\t<\/div>\n\t\t\t\t<\/div>\n\t\t<div class=\"elementor-element elementor-element-28bd579 e-flex e-con-boxed e-con e-parent\" data-id=\"28bd579\" data-element_type=\"container\" data-e-type=\"container\">\n\t\t\t\t\t<div class=\"e-con-inner\">\n\t\t<div class=\"elementor-element elementor-element-478a7e0 e-con-full e-flex e-con e-child\" data-id=\"478a7e0\" data-element_type=\"container\" data-e-type=\"container\">\n\t\t\t\t<div class=\"elementor-element elementor-element-fd3daa4 elementor-widget elementor-widget-heading\" data-id=\"fd3daa4\" data-element_type=\"widget\" data-e-type=\"widget\" data-widget_type=\"heading.default\">\n\t\t\t\t\t<h3 class=\"elementor-heading-title elementor-size-default\">Un r\u00e9seau mondial\n\n<\/h3>\t\t\t\t<\/div>\n\t\t\t\t<div class=\"elementor-element elementor-element-a0d4fa5 elementor-widget elementor-widget-text-editor\" data-id=\"a0d4fa5\" data-element_type=\"widget\" data-e-type=\"widget\" data-widget_type=\"text-editor.default\">\n\t\t\t\t\t\t\t\t\t<p>une appartenance officielle au r\u00e9seau de l\u2019enseignement fran\u00e7ais \u00e0 l\u2019\u00e9tranger (AEFE).<\/p>\t\t\t\t\t\t\t\t<\/div>\n\t\t\t\t<\/div>\n\t\t<div class=\"elementor-element elementor-element-b619a1b e-con-full e-flex e-con e-child\" data-id=\"b619a1b\" data-element_type=\"container\" data-e-type=\"container\">\n\t\t\t\t<div class=\"elementor-element elementor-element-69b9533 elementor-widget elementor-widget-heading\" data-id=\"69b9533\" data-element_type=\"widget\" data-e-type=\"widget\" data-widget_type=\"heading.default\">\n\t\t\t\t\t<h3 class=\"elementor-heading-title elementor-size-default\">Une excellence acad\u00e9mique\n<\/h3>\t\t\t\t<\/div>\n\t\t\t\t<div class=\"elementor-element elementor-element-8e9f405 elementor-widget elementor-widget-text-editor\" data-id=\"8e9f405\" data-element_type=\"widget\" data-e-type=\"widget\" data-widget_type=\"text-editor.default\">\n\t\t\t\t\t\t\t\t\t<p>des infrastructures modernes et une p\u00e9dagogie tourn\u00e9e vers l&rsquo;ouverture sur le monde.<\/p>\t\t\t\t\t\t\t\t<\/div>\n\t\t\t\t<\/div>\n\t\t<div class=\"elementor-element elementor-element-e526780 e-con-full e-flex e-con e-child\" data-id=\"e526780\" data-element_type=\"container\" data-e-type=\"container\">\n\t\t\t\t<div class=\"elementor-element elementor-element-1830b16 elementor-widget elementor-widget-heading\" data-id=\"1830b16\" data-element_type=\"widget\" data-e-type=\"widget\" data-widget_type=\"heading.default\">\n\t\t\t\t\t<h3 class=\"elementor-heading-title elementor-size-default\">Un cadre dynamique\n\n<\/h3>\t\t\t\t<\/div>\n\t\t\t\t<div class=\"elementor-element elementor-element-3e2821a elementor-widget elementor-widget-text-editor\" data-id=\"3e2821a\" data-element_type=\"widget\" data-e-type=\"widget\" data-widget_type=\"text-editor.default\">\n\t\t\t\t\t\t\t\t\t<p>des infrastructures modernes et une p\u00e9dagogie tourn\u00e9e vers l&rsquo;ouverture sur le monde.<\/p>\t\t\t\t\t\t\t\t<\/div>\n\t\t\t\t<\/div>\n\t\t<div class=\"elementor-element elementor-element-b05ec10 e-con-full e-flex e-con e-child\" data-id=\"b05ec10\" data-element_type=\"container\" data-e-type=\"container\">\n\t\t\t\t<div class=\"elementor-element elementor-element-adedc4d elementor-widget elementor-widget-heading\" data-id=\"adedc4d\" data-element_type=\"widget\" data-e-type=\"widget\" data-widget_type=\"heading.default\">\n\t\t\t\t\t<h3 class=\"elementor-heading-title elementor-size-default\">une expertise centainaire\n\n<\/h3>\t\t\t\t<\/div>\n\t\t\t\t<div class=\"elementor-element elementor-element-74aee8f elementor-widget elementor-widget-text-editor\" data-id=\"74aee8f\" data-element_type=\"widget\" data-e-type=\"widget\" data-widget_type=\"text-editor.default\">\n\t\t\t\t\t\t\t\t\t<p>plus de 100 ans d&rsquo;exp\u00e9rience au service de l&rsquo;\u00e9ducation et de la culture.<\/p>\t\t\t\t\t\t\t\t<\/div>\n\t\t\t\t<\/div>\n\t\t\t\t\t<\/div>\n\t\t\t\t<\/div>\n\t\t<div class=\"elementor-element elementor-element-e27a9b0 e-flex e-con-boxed e-con e-parent\" data-id=\"e27a9b0\" data-element_type=\"container\" data-e-type=\"container\">\n\t\t\t\t\t<div class=\"e-con-inner\">\n\t\t\t\t<div class=\"elementor-element elementor-element-e87d71e elementor-widget elementor-widget-button\" data-id=\"e87d71e\" data-element_type=\"widget\" data-e-type=\"widget\" data-widget_type=\"button.default\">\n\t\t\t\t\t\t\t\t\t\t<a class=\"elementor-button elementor-button-link elementor-size-sm\" href=\"https:\/\/lak.edu.lb\/en\/admissions\/procedure-dinscription\/\" target=\"_blank\">\n\t\t\t\t\t\t<span class=\"elementor-button-content-wrapper\">\n\t\t\t\t\t\t<span class=\"elementor-button-icon\">\n\t\t\t\t<svg aria-hidden=\"true\" class=\"e-font-icon-svg e-fas-arrow-alt-circle-right\" viewbox=\"0 0 512 512\" xmlns=\"http:\/\/www.w3.org\/2000\/svg\"><path d=\"M256 8c137 0 248 111 248 248S393 504 256 504 8 393 8 256 119 8 256 8zM140 300h116v70.9c0 10.7 13 16.1 20.5 8.5l114.3-114.9c4.7-4.7 4.7-12.2 0-16.9l-114.3-115c-7.6-7.6-20.5-2.2-20.5 8.5V212H140c-6.6 0-12 5.4-12 12v64c0 6.6 5.4 12 12 12z\"><\/path><\/svg>\t\t\t<\/span>\n\t\t\t\t\t\t\t\t\t<span class=\"elementor-button-text\">Demande de pr\u00e9-inscription<\/span>\n\t\t\t\t\t<\/span>\n\t\t\t\t\t<\/a>\n\t\t\t\t\t\t\t\t<\/div>\n\t\t\t\t\t<\/div>\n\t\t\t\t<\/div>\n\t\t\t\t<\/div>","protected":false},"excerpt":{"rendered":"<p>Un h\u00e9ritage historique unique au Liban Fond\u00e9 en 1909 par la Mission la\u00efque fran\u00e7aise (MLF), le Lyc\u00e9e Abdel Kader est un pilier de l&rsquo;\u00e9ducation \u00e0 Beyrouth. Pionnier de l&rsquo;enseignement la\u00efque, l&rsquo;\u00e9tablissement a travers\u00e9 l&rsquo;histoire avec r\u00e9silience. En 1985, l&rsquo;engagement de la Fondation Rafic Hariri a scell\u00e9 l&rsquo;avenir de notre \u00e9cole, garantissant la continuit\u00e9 de notre [&hellip;]<\/p>\n","protected":false},"author":1,"featured_media":0,"parent":86,"menu_order":0,"comment_status":"closed","ping_status":"closed","template":"","meta":{"_acf_changed":false,"footnotes":""},"class_list":["post-91","page","type-page","status-publish","hentry"],"acf":[],"_links":{"self":[{"href":"https:\/\/lak.edu.lb\/en\/wp-json\/wp\/v2\/pages\/91","targetHints":{"allow":["GET"]}}],"collection":[{"href":"https:\/\/lak.edu.lb\/en\/wp-json\/wp\/v2\/pages"}],"about":[{"href":"https:\/\/lak.edu.lb\/en\/wp-json\/wp\/v2\/types\/page"}],"author":[{"embeddable":true,"href":"https:\/\/lak.edu.lb\/en\/wp-json\/wp\/v2\/users\/1"}],"replies":[{"embeddable":true,"href":"https:\/\/lak.edu.lb\/en\/wp-json\/wp\/v2\/comments?post=91"}],"version-history":[{"count":32,"href":"https:\/\/lak.edu.lb\/en\/wp-json\/wp\/v2\/pages\/91\/revisions"}],"predecessor-version":[{"id":415,"href":"https:\/\/lak.edu.lb\/en\/wp-json\/wp\/v2\/pages\/91\/revisions\/415"}],"up":[{"embeddable":true,"href":"https:\/\/lak.edu.lb\/en\/wp-json\/wp\/v2\/pages\/86"}],"wp:attachment":[{"href":"https:\/\/lak.edu.lb\/en\/wp-json\/wp\/v2\/media?parent=91"}],"curies":[{"name":"wp","href":"https:\/\/api.w.org\/{rel}","templated":true}]}}