{"id":95,"date":"2026-01-26T17:07:45","date_gmt":"2026-01-26T17:07:45","guid":{"rendered":"https:\/\/lak.im-nomade.com\/?page_id=95"},"modified":"2026-02-26T16:23:40","modified_gmt":"2026-02-26T16:23:40","slug":"projet-detablissement","status":"publish","type":"page","link":"https:\/\/lak.edu.lb\/en\/letablissement\/projet-detablissement\/","title":{"rendered":"Projet d&rsquo;\u00e9tablissement"},"content":{"rendered":"<div data-elementor-type=\"wp-page\" data-elementor-id=\"95\" class=\"elementor elementor-95\" data-elementor-post-type=\"page\">\n\t\t\t\t<div class=\"elementor-element elementor-element-7745623 e-flex e-con-boxed e-con e-parent\" data-id=\"7745623\" data-element_type=\"container\" data-e-type=\"container\">\n\t\t\t\t\t<div class=\"e-con-inner\">\n\t\t\t\t<div class=\"elementor-element elementor-element-00d31fa elementor-widget elementor-widget-heading\" data-id=\"00d31fa\" data-element_type=\"widget\" data-e-type=\"widget\" data-widget_type=\"heading.default\">\n\t\t\t\t\t<h2 class=\"elementor-heading-title elementor-size-default\">Ambition et Bienveillance\n\n\n<\/h2>\t\t\t\t<\/div>\n\t\t\t\t<div class=\"elementor-element elementor-element-9f996e7 elementor-widget elementor-widget-text-editor\" data-id=\"9f996e7\" data-element_type=\"widget\" data-e-type=\"widget\" data-widget_type=\"text-editor.default\">\n\t\t\t\t\t\t\t\t\t<p>Nous avons structur\u00e9 notre action autour de quatre piliers fondamentaux pour garantir la r\u00e9ussite et l&rsquo;\u00e9panouissement de votre enfant.<\/p>\t\t\t\t\t\t\t\t<\/div>\n\t\t\t\t\t<\/div>\n\t\t\t\t<\/div>\n\t\t<div class=\"elementor-element elementor-element-a377c98 e-flex e-con-boxed e-con e-parent\" data-id=\"a377c98\" data-element_type=\"container\" data-e-type=\"container\">\n\t\t\t\t\t<div class=\"e-con-inner\">\n\t\t<div class=\"elementor-element elementor-element-f508ae9 e-con-full e-flex e-con e-child\" data-id=\"f508ae9\" data-element_type=\"container\" data-e-type=\"container\">\n\t\t\t\t<div class=\"elementor-element elementor-element-698dd7d elementor-widget elementor-widget-heading\" data-id=\"698dd7d\" data-element_type=\"widget\" data-e-type=\"widget\" data-widget_type=\"heading.default\">\n\t\t\t\t\t<h2 class=\"elementor-heading-title elementor-size-default\">L'\u00c9l\u00e8ve : Acteur de ses Apprentissages et Citoyen\n\n\n\n\n\n<\/h2>\t\t\t\t<\/div>\n\t\t\t\t<div class=\"elementor-element elementor-element-10ca1a9 elementor-widget elementor-widget-text-editor\" data-id=\"10ca1a9\" data-element_type=\"widget\" data-e-type=\"widget\" data-widget_type=\"text-editor.default\">\n\t\t\t\t\t\t\t\t\t<p>Nous voulons former des \u00e9l\u00e8ves autonomes, capables de comprendre le monde et d&rsquo;y agir. Au LAK, votre enfant n&rsquo;est pas passif, il construit son parcours.<\/p><ul><li aria-level=\"1\"><b>Orientation Choisie :<\/b> D\u00e8s le coll\u00e8ge, nous accompagnons chaque \u00e9l\u00e8ve dans la construction d&rsquo;un projet d&rsquo;avenir r\u00e9aliste et ambitieux, vers les meilleures universit\u00e9s.<\/li><li aria-level=\"1\"><b>Citoyennet\u00e9 Engag\u00e9e :<\/b> Nous encourageons la prise de responsabilit\u00e9 \u00e0 travers des projets solidaires et \u00e9cologiques (\u00e9co-d\u00e9l\u00e9gu\u00e9s, actions caritatives).<\/li><li aria-level=\"1\"><b>Ma\u00eetrise du Num\u00e9rique :<\/b> Nous int\u00e9grons l&rsquo;intelligence artificielle et les outils digitaux comme des leviers p\u00e9dagogiques, tout en formant \u00e0 un usage \u00e9thique et responsable.<\/li><\/ul>\t\t\t\t\t\t\t\t<\/div>\n\t\t\t\t<\/div>\n\t\t<div class=\"elementor-element elementor-element-f20a756 e-con-full e-flex e-con e-child\" data-id=\"f20a756\" data-element_type=\"container\" data-e-type=\"container\" data-settings=\"{&quot;background_background&quot;:&quot;classic&quot;}\">\n\t\t\t\t<\/div>\n\t\t\t\t\t<\/div>\n\t\t\t\t<\/div>\n\t\t<div class=\"elementor-element elementor-element-8269dd1 e-flex e-con-boxed e-con e-parent\" data-id=\"8269dd1\" data-element_type=\"container\" data-e-type=\"container\">\n\t\t\t\t\t<div class=\"e-con-inner\">\n\t\t\t\t<div class=\"elementor-element elementor-element-81edcec elementor-widget elementor-widget-heading\" data-id=\"81edcec\" data-element_type=\"widget\" data-e-type=\"widget\" data-widget_type=\"heading.default\">\n\t\t\t\t\t<h2 class=\"elementor-heading-title elementor-size-default\">L'Excellence Linguistique et Culturelle\n\n\n\n<\/h2>\t\t\t\t<\/div>\n\t\t\t\t<div class=\"elementor-element elementor-element-6c0e600 elementor-widget elementor-widget-text-editor\" data-id=\"6c0e600\" data-element_type=\"widget\" data-e-type=\"widget\" data-widget_type=\"text-editor.default\">\n\t\t\t\t\t\t\t\t\t<p>L&rsquo;identit\u00e9 du LAK est r\u00e9solument internationale. La ma\u00eetrise des langues est notre passeport pour le monde.<\/p><ul><li aria-level=\"1\"><b>Fran\u00e7ais :<\/b> Langue de scolarisation, elle est ma\u00eetris\u00e9e \u00e0 un niveau d&rsquo;excellence pour structurer la pens\u00e9e.<\/li><li aria-level=\"1\"><b>Arabe :<\/b> Plus qu&rsquo;une langue, c&rsquo;est un pilier de notre identit\u00e9. Nous la valorisons comme une langue de culture et d&rsquo;excellence acad\u00e9mique.<\/li><li aria-level=\"1\"><b>Anglais et Ouverture :<\/b> Nous proposons des parcours renforc\u00e9s et des certifications internationales (Cambridge) pour assurer une mobilit\u00e9 mondiale.<\/li><\/ul>\t\t\t\t\t\t\t\t<\/div>\n\t\t\t\t\t<\/div>\n\t\t\t\t<\/div>\n\t\t<div class=\"elementor-element elementor-element-855d6b4 e-flex e-con-boxed e-con e-parent\" data-id=\"855d6b4\" data-element_type=\"container\" data-e-type=\"container\">\n\t\t\t\t\t<div class=\"e-con-inner\">\n\t\t<div class=\"elementor-element elementor-element-c0b9575 e-con-full e-flex e-con e-child\" data-id=\"c0b9575\" data-element_type=\"container\" data-e-type=\"container\">\n\t\t\t\t<div class=\"elementor-element elementor-element-3995481 elementor-widget elementor-widget-heading\" data-id=\"3995481\" data-element_type=\"widget\" data-e-type=\"widget\" data-widget_type=\"heading.default\">\n\t\t\t\t\t<h2 class=\"elementor-heading-title elementor-size-default\">Une Communaut\u00e9 Unie et un Cadre Moderne\n\n\n<\/h2>\t\t\t\t<\/div>\n\t\t\t\t<div class=\"elementor-element elementor-element-162f278 elementor-widget elementor-widget-text-editor\" data-id=\"162f278\" data-element_type=\"widget\" data-e-type=\"widget\" data-widget_type=\"text-editor.default\">\n\t\t\t\t\t\t\t\t\t<p>Le LAK est plus qu&rsquo;un lyc\u00e9e, c&rsquo;est une famille. Nous travaillons \u00e0 renforcer ce lien tout en modernisant nos infrastructures.<\/p><ul><li aria-level=\"1\"><b>Cadre de Vie :<\/b> Nous investissons dans des espaces modernes, s\u00e9curis\u00e9s et v\u00e9g\u00e9talis\u00e9s pour le confort des \u00e9l\u00e8ves.<\/li><li aria-level=\"1\"><b>Vie de la Communaut\u00e9 :<\/b> Nous multiplions les \u00e9v\u00e9nements f\u00e9d\u00e9rateurs pour associer parents, \u00e9l\u00e8ves et anciens (Alumni) \u00e0 la vie de l&rsquo;\u00e9tablissement.<\/li><li aria-level=\"1\"><b>Innovation :<\/b> Nous modernisons nos \u00e9quipements informatiques et nos outils de communication pour rester connect\u00e9s et performants.<\/li><\/ul><p><b>Rejoignez une \u00e9cole qui pr\u00e9pare le monde de demain.<\/b><\/p>\t\t\t\t\t\t\t\t<\/div>\n\t\t\t\t<div class=\"elementor-element elementor-element-48068e0 elementor-align-left elementor-widget elementor-widget-button\" data-id=\"48068e0\" data-element_type=\"widget\" data-e-type=\"widget\" data-widget_type=\"button.default\">\n\t\t\t\t\t\t\t\t\t\t<a class=\"elementor-button elementor-button-link elementor-size-sm\" href=\"https:\/\/lak.edu.lb\/en\/letablissement\/projet-detablissement\/\" target=\"_blank\">\n\t\t\t\t\t\t<span class=\"elementor-button-content-wrapper\">\n\t\t\t\t\t\t<span class=\"elementor-button-icon\">\n\t\t\t\t<svg aria-hidden=\"true\" class=\"e-font-icon-svg e-fas-arrow-alt-circle-right\" viewbox=\"0 0 512 512\" xmlns=\"http:\/\/www.w3.org\/2000\/svg\"><path d=\"M256 8c137 0 248 111 248 248S393 504 256 504 8 393 8 256 119 8 256 8zM140 300h116v70.9c0 10.7 13 16.1 20.5 8.5l114.3-114.9c4.7-4.7 4.7-12.2 0-16.9l-114.3-115c-7.6-7.6-20.5-2.2-20.5 8.5V212H140c-6.6 0-12 5.4-12 12v64c0 6.6 5.4 12 12 12z\"><\/path><\/svg>\t\t\t<\/span>\n\t\t\t\t\t\t\t\t\t<span class=\"elementor-button-text\">D\u00e9couvrez notre projet d'\u00e9tablissement<\/span>\n\t\t\t\t\t<\/span>\n\t\t\t\t\t<\/a>\n\t\t\t\t\t\t\t\t<\/div>\n\t\t\t\t<\/div>\n\t\t<div class=\"elementor-element elementor-element-be1ccc3 e-con-full e-flex e-con e-child\" data-id=\"be1ccc3\" data-element_type=\"container\" data-e-type=\"container\" data-settings=\"{&quot;background_background&quot;:&quot;classic&quot;}\">\n\t\t\t\t<\/div>\n\t\t\t\t\t<\/div>\n\t\t\t\t<\/div>\n\t\t\t\t<\/div>","protected":false},"excerpt":{"rendered":"<p>Ambition et Bienveillance Nous avons structur\u00e9 notre action autour de quatre piliers fondamentaux pour garantir la r\u00e9ussite et l&rsquo;\u00e9panouissement de votre enfant. L&rsquo;\u00c9l\u00e8ve : Acteur de ses Apprentissages et Citoyen Nous voulons former des \u00e9l\u00e8ves autonomes, capables de comprendre le monde et d&rsquo;y agir. Au LAK, votre enfant n&rsquo;est pas passif, il construit son parcours. [&hellip;]<\/p>\n","protected":false},"author":1,"featured_media":0,"parent":86,"menu_order":0,"comment_status":"closed","ping_status":"closed","template":"","meta":{"_acf_changed":false,"footnotes":""},"class_list":["post-95","page","type-page","status-publish","hentry"],"acf":[],"_links":{"self":[{"href":"https:\/\/lak.edu.lb\/en\/wp-json\/wp\/v2\/pages\/95","targetHints":{"allow":["GET"]}}],"collection":[{"href":"https:\/\/lak.edu.lb\/en\/wp-json\/wp\/v2\/pages"}],"about":[{"href":"https:\/\/lak.edu.lb\/en\/wp-json\/wp\/v2\/types\/page"}],"author":[{"embeddable":true,"href":"https:\/\/lak.edu.lb\/en\/wp-json\/wp\/v2\/users\/1"}],"replies":[{"embeddable":true,"href":"https:\/\/lak.edu.lb\/en\/wp-json\/wp\/v2\/comments?post=95"}],"version-history":[{"count":17,"href":"https:\/\/lak.edu.lb\/en\/wp-json\/wp\/v2\/pages\/95\/revisions"}],"predecessor-version":[{"id":749,"href":"https:\/\/lak.edu.lb\/en\/wp-json\/wp\/v2\/pages\/95\/revisions\/749"}],"up":[{"embeddable":true,"href":"https:\/\/lak.edu.lb\/en\/wp-json\/wp\/v2\/pages\/86"}],"wp:attachment":[{"href":"https:\/\/lak.edu.lb\/en\/wp-json\/wp\/v2\/media?parent=95"}],"curies":[{"name":"wp","href":"https:\/\/api.w.org\/{rel}","templated":true}]}}