{"id":960,"date":"2026-04-07T09:35:46","date_gmt":"2026-04-07T09:35:46","guid":{"rendered":"https:\/\/lak.edu.lb\/?page_id=960"},"modified":"2026-04-07T09:35:47","modified_gmt":"2026-04-07T09:35:47","slug":"notre-adn-2","status":"publish","type":"page","link":"https:\/\/lak.edu.lb\/en\/notre-adn-2\/","title":{"rendered":"Notre ADN"},"content":{"rendered":"<h1 class=\"wp-block-heading\"><strong>Un projet \u00e9ducatif au service de chaque \u00e9l\u00e8ve<\/strong><\/h1>\n\n\n\n<p>R\u00e9ussir, s&rsquo;engager, grandir : voici nos priorit\u00e9s!<\/p>\n\n\n\n<p>Ce qui nous d\u00e9finit va au-del\u00e0 des cours. Notre mission quotidienne est de fournir un cadre d\u2019excellence o\u00f9 l\u2019engagement, l\u2019ouverture internationale et l\u2019\u00e9quilibre personnel se rencontrent pour r\u00e9v\u00e9ler le potentiel de chaque enfant.<\/p>\n\n\n\n<h2 class=\"wp-block-heading\"><strong>5 piliers qui guident notre action<\/strong><\/h2>\n\n\n\n<p>Ces priorit\u00e9s ne sont pas seulement des mots : elles structurent chaque journ\u00e9e de nos \u00e9l\u00e8ves et d\u00e9finissent notre vision de l&rsquo;\u00e9ducation.<\/p>\n\n\n\n<h2 class=\"wp-block-heading\"><strong>Ce que nous visons pour nos \u00e9l\u00e8ves<\/strong><\/h2>\n\n\n\n<ul class=\"wp-block-list\">\n<li><strong>La recherche de l&rsquo;excellence :<\/strong> Nous visons le plus haut niveau acad\u00e9mique en cultivant le go\u00fbt de l&rsquo;effort et la rigueur intellectuelle.<\/li>\n\n\n\n<li><strong>Le plurilinguisme concret :<\/strong> Nous pr\u00e9parons nos \u00e9l\u00e8ves \u00e0 un monde sans fronti\u00e8res gr\u00e2ce \u00e0 une pratique intensive des langues \u00e9trang\u00e8res d\u00e8s le plus jeune \u00e2ge.<\/li>\n\n\n\n<li><strong>L\u2019engagement citoyen :<\/strong> Nous formons des jeunes responsables, conscients de leur r\u00f4le dans la soci\u00e9t\u00e9 et tourn\u00e9s vers les autres.<\/li>\n\n\n\n<li><strong>L\u2019engagement sportif :<\/strong> Nous utilisons le sport pour transmettre la discipline, la sant\u00e9 et le d\u00e9passement de soi.<\/li>\n\n\n\n<li><strong>Le bien-\u00eatre et le d\u00e9veloppement personnel :<\/strong> Nous pla\u00e7ons l&rsquo;\u00e9panouissement au centre de l&rsquo;apprentissage pour construire une confiance en soi durable.<\/li>\n<\/ul>\n\n\n\n<p>D\u00e9couvrez l&rsquo;exp\u00e9rience de nos \u00e9l\u00e8ves et rejoignez notre communaut\u00e9.<\/p>\n\n\n\n<p><strong>D\u00e9couvrir notre projet p\u00e9dagogique<\/strong><a href=\"https:\/\/lak.edu.lb\/en\/letablissement\/projet-detablissement\/\"> <\/a><a href=\"https:\/\/lak.edu.lb\/en\/letablissement\/projet-detablissement\/\">https:\/\/lak.edu.lb\/letablissement\/projet-detablissement\/<\/a><\/p>\n\n\n\n<p>\/<\/p>\n\n\n\n<p><\/p>","protected":false},"excerpt":{"rendered":"<p>Un projet \u00e9ducatif au service de chaque \u00e9l\u00e8ve R\u00e9ussir, s&rsquo;engager, grandir : voici nos priorit\u00e9s! Ce qui nous d\u00e9finit va au-del\u00e0 des cours. Notre mission quotidienne est de fournir un cadre d\u2019excellence o\u00f9 l\u2019engagement, l\u2019ouverture internationale et l\u2019\u00e9quilibre personnel se rencontrent pour r\u00e9v\u00e9ler le potentiel de chaque enfant. 5 piliers qui guident notre action Ces [&hellip;]<\/p>\n","protected":false},"author":2,"featured_media":0,"parent":0,"menu_order":0,"comment_status":"closed","ping_status":"closed","template":"","meta":{"_acf_changed":false,"footnotes":""},"class_list":["post-960","page","type-page","status-publish","hentry"],"acf":[],"_links":{"self":[{"href":"https:\/\/lak.edu.lb\/en\/wp-json\/wp\/v2\/pages\/960","targetHints":{"allow":["GET"]}}],"collection":[{"href":"https:\/\/lak.edu.lb\/en\/wp-json\/wp\/v2\/pages"}],"about":[{"href":"https:\/\/lak.edu.lb\/en\/wp-json\/wp\/v2\/types\/page"}],"author":[{"embeddable":true,"href":"https:\/\/lak.edu.lb\/en\/wp-json\/wp\/v2\/users\/2"}],"replies":[{"embeddable":true,"href":"https:\/\/lak.edu.lb\/en\/wp-json\/wp\/v2\/comments?post=960"}],"version-history":[{"count":1,"href":"https:\/\/lak.edu.lb\/en\/wp-json\/wp\/v2\/pages\/960\/revisions"}],"predecessor-version":[{"id":961,"href":"https:\/\/lak.edu.lb\/en\/wp-json\/wp\/v2\/pages\/960\/revisions\/961"}],"wp:attachment":[{"href":"https:\/\/lak.edu.lb\/en\/wp-json\/wp\/v2\/media?parent=960"}],"curies":[{"name":"wp","href":"https:\/\/api.w.org\/{rel}","templated":true}]}}