{"id":97,"date":"2026-01-26T17:07:59","date_gmt":"2026-01-26T17:07:59","guid":{"rendered":"https:\/\/lak.im-nomade.com\/?page_id=97"},"modified":"2026-02-23T20:14:57","modified_gmt":"2026-02-23T20:14:57","slug":"lequipe","status":"publish","type":"page","link":"https:\/\/lak.edu.lb\/en\/letablissement\/lequipe\/","title":{"rendered":"L&rsquo;\u00e9quipe"},"content":{"rendered":"<div data-elementor-type=\"wp-page\" data-elementor-id=\"97\" class=\"elementor elementor-97\" data-elementor-post-type=\"page\">\n\t\t\t\t<div class=\"elementor-element elementor-element-14e3641 e-flex e-con-boxed e-con e-parent\" data-id=\"14e3641\" data-element_type=\"container\" data-e-type=\"container\">\n\t\t\t\t\t<div class=\"e-con-inner\">\n\t\t\t\t<div class=\"elementor-element elementor-element-28baa06 e-n-tabs-mobile elementor-widget elementor-widget-n-tabs\" data-id=\"28baa06\" data-element_type=\"widget\" data-e-type=\"widget\" data-widget_type=\"nested-tabs.default\">\n\t\t\t\t\t\t\t<div class=\"e-n-tabs\" data-widget-number=\"42707462\" aria-label=\"Tabs. Open items with Enter or Space, close with Escape and navigate using the Arrow keys.\" data-no-translation-aria-label=\"\">\n\t\t\t<div class=\"e-n-tabs-heading\" role=\"tablist\">\n\t\t\t\t\t<button id=\"e-n-tab-title-427074621\" data-tab-title-id=\"e-n-tab-title-427074621\" class=\"e-n-tab-title\" aria-selected=\"true\" data-tab-index=\"1\" role=\"tab\" tabindex=\"0\" aria-controls=\"e-n-tab-content-427074621\" style=\"--n-tabs-title-order: 1;\">\n\t\t\t\t\t\t<span class=\"e-n-tab-title-text\">\n\t\t\t\tLa Direction et l'Administration\t\t\t<\/span>\n\t\t<\/button>\n\t\t\t\t<button id=\"e-n-tab-title-427074622\" data-tab-title-id=\"e-n-tab-title-427074622\" class=\"e-n-tab-title\" aria-selected=\"false\" data-tab-index=\"2\" role=\"tab\" tabindex=\"-1\" aria-controls=\"e-n-tab-content-427074622\" style=\"--n-tabs-title-order: 2;\">\n\t\t\t\t\t\t<span class=\"e-n-tab-title-text\">\n\t\t\t\tLe Secr\u00e9tariat et la Vie Scolaire\t\t\t<\/span>\n\t\t<\/button>\n\t\t\t\t<button id=\"e-n-tab-title-427074623\" data-tab-title-id=\"e-n-tab-title-427074623\" class=\"e-n-tab-title\" aria-selected=\"false\" data-tab-index=\"3\" role=\"tab\" tabindex=\"-1\" aria-controls=\"e-n-tab-content-427074623\" style=\"--n-tabs-title-order: 3;\">\n\t\t\t\t\t\t<span class=\"e-n-tab-title-text\">\n\t\t\t\tP\u00f4le Accompagnement et Bien-\u00eatre\t\t\t<\/span>\n\t\t<\/button>\n\t\t\t\t\t<\/div>\n\t\t\t<div class=\"e-n-tabs-content\">\n\t\t\t\t<div id=\"e-n-tab-content-427074621\" role=\"tabpanel\" aria-labelledby=\"e-n-tab-title-427074621\" data-tab-index=\"1\" style=\"--n-tabs-title-order: 1;\" class=\"e-active elementor-element elementor-element-265445c e-con-full e-flex e-con e-child\" data-id=\"265445c\" data-element_type=\"container\" data-e-type=\"container\">\n\t\t\t\t<div class=\"elementor-element elementor-element-c7504a4 elementor-widget elementor-widget-text-editor\" data-id=\"c7504a4\" data-element_type=\"widget\" data-e-type=\"widget\" data-widget_type=\"text-editor.default\">\n\t\t\t\t\t\t\t\t\t<p>Notre \u00e9quipe de direction pilote le projet p\u00e9dagogique avec rigueur et bienveillance. Elle assure le bon fonctionnement de l&rsquo;\u00e9cole \u00e0 tous les niveaux.<\/p><ul><li aria-level=\"1\"><b>Proviseur :<\/b> M. Salim BELDJERBA<\/li><li aria-level=\"1\"><b>Proviseure Adjointe :<\/b> St\u00e9phanie DOPPLER<\/li><li aria-level=\"1\"><b>Directrice de l\u2019\u00e9cole primaire :<\/b> El\u00e9onore CASTREAU<\/li><li aria-level=\"1\"><b>Censeur :<\/b> Rabih TANNIR<\/li><li aria-level=\"1\"><b>Directeur administratif et financier :<\/b> Guy GIMBERT<\/li><li aria-level=\"1\"><b>Responsable des ressources humaines :<\/b> Maha WAZZI<\/li><\/ul><p>Pour les \u00e9l\u00e8ves passionn\u00e9s par les langues, nous proposons \u00e9galement l&rsquo;option <b>LCE (Langues et Cultures Europ\u00e9ennes)<\/b>. Cette option renforce leur ouverture sur le monde d\u00e8s le d\u00e9but du secondaire.<\/p>\t\t\t\t\t\t\t\t<\/div>\n\t\t\t\t<\/div>\n\t\t<div id=\"e-n-tab-content-427074622\" role=\"tabpanel\" aria-labelledby=\"e-n-tab-title-427074622\" data-tab-index=\"2\" style=\"--n-tabs-title-order: 2;\" class=\"elementor-element elementor-element-851a0a7 e-con-full e-flex e-con e-child\" data-id=\"851a0a7\" data-element_type=\"container\" data-e-type=\"container\">\n\t\t\t\t<div class=\"elementor-element elementor-element-5fbf517 elementor-widget elementor-widget-text-editor\" data-id=\"5fbf517\" data-element_type=\"widget\" data-e-type=\"widget\" data-widget_type=\"text-editor.default\">\n\t\t\t\t\t\t\t\t\t<p>Ces interlocuteurs essentiels facilitent le quotidien des familles et assurent le lien entre l&rsquo;\u00e9cole et la maison.<\/p><ul><li aria-level=\"1\"><b>Assistante du Proviseur :<\/b> Lamya MROUEH\u00a0<br \/><ul><li aria-level=\"1\">T\u00e9l\u00e9phone : 01 365 429<\/li><li aria-level=\"1\">Email : <a class=\"sc-bCvmcN jdJEVh elementor-clickable\" href=\"mailto:secretariat.proviseur@lak.edu.lb\" target=\"_blank\" rel=\"noopener noreferrer\">secretariat.proviseur@lak.edu.lb<\/a><\/li><\/ul><\/li><li aria-level=\"1\"><b>Secr\u00e9tariat de scolarit\u00e9 Coll\u00e8ge \u2013 Lyc\u00e9e :<\/b> Rim JAROUDI<ul><li aria-level=\"1\">T\u00e9l\u00e9phone : 01 365 429\u00a0<\/li><li aria-level=\"1\">Email : secretariat.secondaire@lak.edu.lb<\/li><\/ul><\/li><li aria-level=\"1\"><b>Assistante de la Directrice de l\u2019\u00e9cole primaire :<\/b> Maya BALTAJI NAHHAS.<ul><li aria-level=\"1\">T\u00e9l\u00e9phone : 01 365 429\u00a0<\/li><li aria-level=\"1\">Email : secretariat.secondaire@lak.edu.lb<\/li><\/ul><\/li><\/ul>\t\t\t\t\t\t\t\t<\/div>\n\t\t\t\t<\/div>\n\t\t<div id=\"e-n-tab-content-427074623\" role=\"tabpanel\" aria-labelledby=\"e-n-tab-title-427074623\" data-tab-index=\"3\" style=\"--n-tabs-title-order: 3;\" class=\"elementor-element elementor-element-3f1bacd e-con-full e-flex e-con e-child\" data-id=\"3f1bacd\" data-element_type=\"container\" data-e-type=\"container\">\n\t\t\t\t<div class=\"elementor-element elementor-element-a0f52dd elementor-widget elementor-widget-heading\" data-id=\"a0f52dd\" data-element_type=\"widget\" data-e-type=\"widget\" data-widget_type=\"heading.default\">\n\t\t\t\t\t<h2 class=\"elementor-heading-title elementor-size-default\">Nos Sp\u00e9cialit\u00e9s et Parcours\n\n\n\n\n\n<\/h2>\t\t\t\t<\/div>\n\t\t\t\t<div class=\"elementor-element elementor-element-b582ae8 elementor-widget elementor-widget-text-editor\" data-id=\"b582ae8\" data-element_type=\"widget\" data-e-type=\"widget\" data-widget_type=\"text-editor.default\">\n\t\t\t\t\t\t\t\t\t<p>La r\u00e9ussite scolaire passe aussi par l&rsquo;\u00e9panouissement personnel. Nos sp\u00e9cialistes veillent sur la sant\u00e9 physique et mentale de vos enfants et les aident \u00e0 construire leur avenir.<\/p><ul><li aria-level=\"1\"><b>Psychologues :<\/b> Hitaf MOUSFI et Abla CHOUCAIR<\/li><li aria-level=\"1\"><b>Conseill\u00e8re d&rsquo;Orientation :<\/b> Nancy SAAB<\/li><li aria-level=\"1\"><b>Infirmi\u00e8re :<\/b> Sahar KOTEICH<\/li><\/ul>\t\t\t\t\t\t\t\t<\/div>\n\t\t\t\t<\/div>\n\t\t\t\t\t<\/div>\n\t\t<\/div>\n\t\t\t\t\t\t<\/div>\n\t\t\t\t\t<\/div>\n\t\t\t\t<\/div>\n\t\t\t\t<\/div>","protected":false},"excerpt":{"rendered":"<p>La Direction et l&rsquo;Administration Le Secr\u00e9tariat et la Vie Scolaire P\u00f4le Accompagnement et Bien-\u00eatre Notre \u00e9quipe de direction pilote le projet p\u00e9dagogique avec rigueur et bienveillance. Elle assure le bon fonctionnement de l&rsquo;\u00e9cole \u00e0 tous les niveaux. Proviseur : M. Salim BELDJERBA Proviseure Adjointe : St\u00e9phanie DOPPLER Directrice de l\u2019\u00e9cole primaire : El\u00e9onore CASTREAU Censeur [&hellip;]<\/p>\n","protected":false},"author":1,"featured_media":0,"parent":86,"menu_order":0,"comment_status":"closed","ping_status":"closed","template":"","meta":{"_acf_changed":false,"footnotes":""},"class_list":["post-97","page","type-page","status-publish","hentry"],"acf":[],"_links":{"self":[{"href":"https:\/\/lak.edu.lb\/en\/wp-json\/wp\/v2\/pages\/97","targetHints":{"allow":["GET"]}}],"collection":[{"href":"https:\/\/lak.edu.lb\/en\/wp-json\/wp\/v2\/pages"}],"about":[{"href":"https:\/\/lak.edu.lb\/en\/wp-json\/wp\/v2\/types\/page"}],"author":[{"embeddable":true,"href":"https:\/\/lak.edu.lb\/en\/wp-json\/wp\/v2\/users\/1"}],"replies":[{"embeddable":true,"href":"https:\/\/lak.edu.lb\/en\/wp-json\/wp\/v2\/comments?post=97"}],"version-history":[{"count":8,"href":"https:\/\/lak.edu.lb\/en\/wp-json\/wp\/v2\/pages\/97\/revisions"}],"predecessor-version":[{"id":434,"href":"https:\/\/lak.edu.lb\/en\/wp-json\/wp\/v2\/pages\/97\/revisions\/434"}],"up":[{"embeddable":true,"href":"https:\/\/lak.edu.lb\/en\/wp-json\/wp\/v2\/pages\/86"}],"wp:attachment":[{"href":"https:\/\/lak.edu.lb\/en\/wp-json\/wp\/v2\/media?parent=97"}],"curies":[{"name":"wp","href":"https:\/\/api.w.org\/{rel}","templated":true}]}}